{"id":6393,"date":"2024-10-09T21:00:51","date_gmt":"2024-10-09T21:00:51","guid":{"rendered":"https:\/\/servipconline.com\/product\/systemes-informatiquesnotebooksnotebooklenovov14-g3-iap\/"},"modified":"2024-10-09T21:00:51","modified_gmt":"2024-10-09T21:00:51","slug":"systemes-informatiquesnotebooksnotebooklenovov14-g3-iap","status":"publish","type":"product","link":"https:\/\/servipconline.com\/fr\/produit\/systemes-informatiquesnotebooksnotebooklenovov14-g3-iap\/","title":{"rendered":"Syst\u00e8mes informatiques|Notebooks|Notebook|Lenovo|V14 G3 IAP"},"content":{"rendered":"<p>82TS005PCA Lenovo V14 G3 IAP 82TS005PCA Ordinateur portable 14&#8243; Full HD Intel Core i5 12th Gen i5 1235U 8 Go 256 Go SSD Fran\u00e7ais, anglais Clavier Business Noir Intel Chip 1920 x 1080 Windows 11 Pro Intel Twisted nematic (TN) Cam\u00e9ra frontale Webcam IEEE 802.11ax Wireless LAN Standard Lenovo V14 G3 IAP 82TS005PCA Ordinateur portable de 14 pouces &#8211; Full HD &#8211; Intel Core i5 12th Gen i5-1235U &#8211; 8 Go &#8211; 256 Go SSD &#8211; Fran\u00e7ais, Clavier Anglais &#8211; Noir Business &#8211; Intel Chip &#8211; 1920 x 1080 &#8211; Windows 11 Pro &#8211; Intel &#8211; Twisted nematic (TN) &#8211; Cam\u00e9ra frontale\/Webcam &#8211; IEEE 802 11ax Wireless LAN Standard Ordinateur Portable V14 G3 IAP 82TS005PCA 14po Full HD (Intel Core i5 12e g\u00e9n\u00e9ration i5 1235U) 8 Go 256 Go SSD Fran\u00e7ais, Anglais Clavier Noir Lenovo Intel Morceau 1920 x 1080 Windows 11 Pro Intel N\u00e9matique Torsad\u00e9 (TN) Appareil photo\/Webcam IEEE 802 11ax Norme du r\u00e9seau sans fil Computer Systems Notebooks Notebook Lenovo V14 G3 IAP Lenovo 196800623010 82TS005PCA 82TS005 82TS0 82T 5PCA 82TS005PCA<\/p>\n","protected":false},"excerpt":{"rendered":"<p>Lenovo V14 G3 IAP 82TS005PCA Ordinateur portable 14&#8243; &#8211; Full HD &#8211; Intel Core i5 12th Gen i5-1235U &#8211; 8 Go &#8211; 256 Go SSD &#8211; Clavier fran\u00e7ais, anglais &#8211; Business Black &#8211; Intel Chip &#8211; 1920 x 1080 &#8211; Windows 11 Pro &#8211; Intel &#8211; Twisted nematic (TN) &#8211; Cam\u00e9ra frontale\/Webcam &#8211; Norme LAN sans fil IEEE 802.11ax<\/p>\n","protected":false},"featured_media":0,"comment_status":"open","ping_status":"closed","template":"","meta":{"nf_dc_page":"","om_disable_all_campaigns":false},"product_brand":[],"product_cat":[18],"product_tag":[],"class_list":{"0":"post-6393","1":"product","2":"type-product","3":"status-publish","5":"product_cat-services","7":"first","8":"instock","9":"taxable","10":"shipping-taxable","11":"purchasable","12":"product-type-simple","13":"add-to-wishlist-after_add_to_cart"},"jetpack_sharing_enabled":true,"_links":{"self":[{"href":"https:\/\/servipconline.com\/fr\/wp-json\/wp\/v2\/product\/6393","targetHints":{"allow":["GET"]}}],"collection":[{"href":"https:\/\/servipconline.com\/fr\/wp-json\/wp\/v2\/product"}],"about":[{"href":"https:\/\/servipconline.com\/fr\/wp-json\/wp\/v2\/types\/product"}],"replies":[{"embeddable":true,"href":"https:\/\/servipconline.com\/fr\/wp-json\/wp\/v2\/comments?post=6393"}],"wp:attachment":[{"href":"https:\/\/servipconline.com\/fr\/wp-json\/wp\/v2\/media?parent=6393"}],"wp:term":[{"taxonomy":"product_brand","embeddable":true,"href":"https:\/\/servipconline.com\/fr\/wp-json\/wp\/v2\/product_brand?post=6393"},{"taxonomy":"product_cat","embeddable":true,"href":"https:\/\/servipconline.com\/fr\/wp-json\/wp\/v2\/product_cat?post=6393"},{"taxonomy":"product_tag","embeddable":true,"href":"https:\/\/servipconline.com\/fr\/wp-json\/wp\/v2\/product_tag?post=6393"}],"curies":[{"name":"wp","href":"https:\/\/api.w.org\/{rel}","templated":true}]}}