{"id":6380,"date":"2024-10-08T22:45:30","date_gmt":"2024-10-08T22:45:30","guid":{"rendered":"https:\/\/servipconline.com\/product\/machine-a-laver\/"},"modified":"2024-10-08T22:45:30","modified_gmt":"2024-10-08T22:45:30","slug":"machine-a-laver","status":"publish","type":"product","link":"https:\/\/servipconline.com\/fr\/produit\/machine-a-laver\/","title":{"rendered":"Machine \u00e0 laver"},"content":{"rendered":"<p>Lave-linge avec t\u00e9l\u00e9commande et bien d&#8217;autres options<\/p>\n","protected":false},"excerpt":{"rendered":"<p>Lave-linge avec t\u00e9l\u00e9commande<\/p>\n","protected":false},"featured_media":6375,"comment_status":"open","ping_status":"closed","template":"","meta":{"nf_dc_page":"","om_disable_all_campaigns":false},"product_brand":[],"product_cat":[205],"product_tag":[203],"class_list":{"0":"post-6380","1":"product","2":"type-product","3":"status-publish","4":"has-post-thumbnail","6":"product_cat-machine-a-laver","7":"product_tag-electronique","9":"first","10":"instock","11":"sale","12":"taxable","13":"shipping-taxable","14":"purchasable","15":"product-type-simple","16":"add-to-wishlist-after_add_to_cart"},"jetpack_sharing_enabled":true,"_links":{"self":[{"href":"https:\/\/servipconline.com\/fr\/wp-json\/wp\/v2\/product\/6380","targetHints":{"allow":["GET"]}}],"collection":[{"href":"https:\/\/servipconline.com\/fr\/wp-json\/wp\/v2\/product"}],"about":[{"href":"https:\/\/servipconline.com\/fr\/wp-json\/wp\/v2\/types\/product"}],"replies":[{"embeddable":true,"href":"https:\/\/servipconline.com\/fr\/wp-json\/wp\/v2\/comments?post=6380"}],"wp:featuredmedia":[{"embeddable":true,"href":"https:\/\/servipconline.com\/fr\/wp-json\/wp\/v2\/media\/6375"}],"wp:attachment":[{"href":"https:\/\/servipconline.com\/fr\/wp-json\/wp\/v2\/media?parent=6380"}],"wp:term":[{"taxonomy":"product_brand","embeddable":true,"href":"https:\/\/servipconline.com\/fr\/wp-json\/wp\/v2\/product_brand?post=6380"},{"taxonomy":"product_cat","embeddable":true,"href":"https:\/\/servipconline.com\/fr\/wp-json\/wp\/v2\/product_cat?post=6380"},{"taxonomy":"product_tag","embeddable":true,"href":"https:\/\/servipconline.com\/fr\/wp-json\/wp\/v2\/product_tag?post=6380"}],"curies":[{"name":"wp","href":"https:\/\/api.w.org\/{rel}","templated":true}]}}