{"id":6364,"date":"2024-10-07T22:29:30","date_gmt":"2024-10-07T22:29:30","guid":{"rendered":"https:\/\/servipconline.com\/product\/lenovo-v15-g3-iap-82tt005eus-ordinateur-portable-de-156-pouces\/"},"modified":"2024-10-07T22:38:41","modified_gmt":"2024-10-07T22:38:41","slug":"lenovo-v15-g3-iap-82tt005eus-ordinateur-portable-de-156-pouces","status":"publish","type":"product","link":"https:\/\/servipconline.com\/fr\/produit\/lenovo-v15-g3-iap-82tt005eus-ordinateur-portable-de-156-pouces\/","title":{"rendered":"Lenovo V15 G3 IAP 82TT005EUS Ordinateur portable de 15,6 pouces"},"content":{"rendered":"<h3>Informations g\u00e9n\u00e9rales<\/h3>\n<table class=\"table\">\n<tbody>\n<tr>\n<td>Fabricant :<\/td>\n<td>Lenovo Group Limited<\/td>\n<\/tr>\n<tr>\n<td>Num\u00e9ro de pi\u00e8ce du fabricant :<\/td>\n<td>82TT005EUS<\/td>\n<\/tr>\n<tr>\n<td>Adresse du site Web du fabricant :<\/td>\n<td>http:\/\/www.lenovo.com<\/td>\n<\/tr>\n<tr>\n<td>Nom de marque :<\/td>\n<td>Lenovo<\/td>\n<\/tr>\n<tr>\n<td>S\u00e9rie de produits :<\/td>\n<td>V15 G3 IAP<\/td>\n<\/tr>\n<tr>\n<td>Mod\u00e8le du produit :<\/td>\n<td>82TT005EUS<\/td>\n<\/tr>\n<tr>\n<td>Nom du produit :<\/td>\n<td>V15 G3 IAP<\/td>\n<\/tr>\n<tr>\n<td>Type de produit :<\/td>\n<td>Ordinateur portable<\/td>\n<\/tr>\n<\/tbody>\n<\/table>\n<h3>Processeur<\/h3>\n<table class=\"table\">\n<tbody>\n<tr>\n<td>Fabricant du processeur :<\/td>\n<td>Intel<\/td>\n<\/tr>\n<tr>\n<td>Type de processeur :<\/td>\n<td>Core i3<\/td>\n<\/tr>\n<tr>\n<td>G\u00e9n\u00e9ration de processeur :<\/td>\n<td>12\u00e8me g\u00e9n\u00e9ration<\/td>\n<\/tr>\n<tr>\n<td>Mod\u00e8le de processeur :<\/td>\n<td>i3-1215U<\/td>\n<\/tr>\n<tr>\n<td>Noyau du processeur :<\/td>\n<td>Hexa-core (6 c\u0153urs)<\/td>\n<\/tr>\n<tr>\n<td>Vitesse du processeur :<\/td>\n<td>1,20 GHz<\/td>\n<\/tr>\n<tr>\n<td>Vitesse maximale du turbo :<\/td>\n<td>4,40 GHz<\/td>\n<\/tr>\n<\/tbody>\n<\/table>\n<h3>M\u00e9moire<\/h3>\n<table class=\"table\">\n<tbody>\n<tr>\n<td>M\u00e9moire totale install\u00e9e :<\/td>\n<td>8 GO<\/td>\n<\/tr>\n<tr>\n<td>Technologie de m\u00e9moire syst\u00e8me :<\/td>\n<td>DDR4 SDRAM<\/td>\n<\/tr>\n<tr>\n<td>Vitesse de la m\u00e9moire du syst\u00e8me :<\/td>\n<td>3200 MHz<\/td>\n<\/tr>\n<tr>\n<td>Nombre total d&#8217;emplacements de m\u00e9moire :<\/td>\n<td>1<\/td>\n<\/tr>\n<\/tbody>\n<\/table>\n<h3>Stockage<\/h3>\n<table class=\"table\">\n<tbody>\n<tr>\n<td>Type de disque :<\/td>\n<td>SSD<\/td>\n<\/tr>\n<tr>\n<td>Capacit\u00e9 totale du Solid State Drive :<\/td>\n<td>256 GO<\/td>\n<\/tr>\n<tr>\n<td>SSD Facteur de forme :<\/td>\n<td>NVMe M.2 PCI Express <\/td>\n<\/tr>\n<tr>\n<td>Capacit\u00e9 de m\u00e9moire flash :<\/td>\n<td>Non<\/td>\n<\/tr>\n<\/tbody>\n<\/table>\n<h3>Affichage et graphisme<\/h3>\n<table class=\"table\">\n<tbody>\n<tr>\n<td>Taille de l&#8217;\u00e9cran :<\/td>\n<td>15.6&#8243;<\/td>\n<\/tr>\n<tr>\n<td>Mode d&#8217;\u00e9cran :<\/td>\n<td>Full HD<\/td>\n<\/tr>\n<tr>\n<td>R\u00e9solution de l&#8217;\u00e9cran :<\/td>\n<td>1920 x 1080<\/td>\n<\/tr>\n<tr>\n<td>Touchscreen:<\/td>\n<td>No<\/td>\n<\/tr>\n<tr>\n<td>Fabricant du contr\u00f4leur graphique :<\/td>\n<td>Intel<\/td>\n<\/tr>\n<tr>\n<td>Mod\u00e8le de contr\u00f4leur graphique :<\/td>\n<td>Graphique UHD<\/td>\n<\/tr>\n<tr>\n<td>Technologie de m\u00e9moire graphique :<\/td>\n<td>DDR4 SDRAM<\/td>\n<\/tr>\n<tr>\n<td>Accessibilit\u00e9 de la m\u00e9moire graphique :<\/td>\n<td>Partag\u00e9e<\/td>\n<\/tr>\n<\/tbody>\n<\/table>\n<h3>R\u00e9seau et communication<\/h3>\n<table class=\"table\">\n<tbody>\n<tr>\n<td>LAN sans fil :<\/td>\n<td>Oui<\/td>\n<\/tr>\n<tr>\n<td>Norme LAN sans fil :<\/td>\n<td>IEEE 802.11ax<\/td>\n<\/tr>\n<tr>\n<td>Technologie Ethernet :<\/td>\n<td>Gigabit Ethernet<\/td>\n<\/tr>\n<tr>\n<td>Bluetooth:<\/td>\n<td>Yes<\/td>\n<\/tr>\n<\/tbody>\n<\/table>\n<h3>Dispositifs int\u00e9gr\u00e9s<\/h3>\n<table class=\"table\">\n<tbody>\n<tr>\n<td>Cam\u00e9ra frontale\/Webcam :<\/td>\n<td>Oui<\/td>\n<\/tr>\n<\/tbody>\n<\/table>\n<h3>Interfaces\/Ports<\/h3>\n<table class=\"table\">\n<tbody>\n<tr>\n<td>HDMI:<\/td>\n<td>Yes<\/td>\n<\/tr>\n<tr>\n<td>Nombre total de ports USB :<\/td>\n<td>3<\/td>\n<\/tr>\n<tr>\n<td>Nombre de ports USB 3.2 Gen 1 :<\/td>\n<td>1<\/td>\n<\/tr>\n<tr>\n<td>Nombre de ports USB 3.2 Gen 1 Type-C :<\/td>\n<td>1<\/td>\n<\/tr>\n<tr>\n<td>R\u00e9seau (RJ-45) :<\/td>\n<td>Oui<\/td>\n<\/tr>\n<\/tbody>\n<\/table>\n<h3>Syst\u00e8me d&#8217;exploitation<\/h3>\n<table class=\"table\">\n<tbody>\n<tr>\n<td>Plate-forme du syst\u00e8me d&#8217;exploitation :<\/td>\n<td>Windows<\/td>\n<\/tr>\n<tr>\n<td>Syst\u00e8me d&#8217;exploitation :<\/td>\n<td>Windows 11 Pro<\/td>\n<\/tr>\n<tr>\n<td>Architecture du syst\u00e8me d&#8217;exploitation :<\/td>\n<td>64 bits<\/td>\n<\/tr>\n<\/tbody>\n<\/table>\n<h3>Informations sur la batterie<\/h3>\n<table class=\"table\">\n<tbody>\n<tr>\n<td>Nombre de cellules :<\/td>\n<td>2 cellules<\/td>\n<\/tr>\n<\/tbody>\n<\/table>\n<h3>Description de la puissance<\/h3>\n<table class=\"table\">\n<tbody>\n<tr>\n<td>Puissance maximale de l&#8217;alimentation \u00e9lectrique :<\/td>\n<td>65 W<\/td>\n<\/tr>\n<\/tbody>\n<\/table>\n<h3>Caract\u00e9ristiques physiques<\/h3>\n<table class=\"table\">\n<tbody>\n<tr>\n<td>Hauteur :<\/td>\n<td>0,78&#8243; (19,90 mm)<\/td>\n<\/tr>\n<tr>\n<td>Largeur :<\/td>\n<td>14.14&#8243; (359.20 mm)<\/td>\n<\/tr>\n<tr>\n<td>Profondeur :<\/td>\n<td>9.28&#8243; (235.80 mm)<\/td>\n<\/tr>\n<tr>\n<td>Poids (approximatif) :<\/td>\n<td>1,65 kg<\/td>\n<\/tr>\n<\/tbody>\n<\/table>\n<h3>Divers<\/h3>\n<table class=\"table\">\n<tbody>\n<tr>\n<td>Contenu du paquet :<\/td>\n<td>\n<ul>\n<li>V15 G3 IAP<\/li>\n<li>Adaptateur CA<\/li>\n<\/ul>\n<\/td>\n<\/tr>\n<tr>\n<td>Caract\u00e9ristiques :<\/td>\n<td>\u00c9cran antireflet<\/td>\n<\/tr>\n<tr>\n<td>Energy Star :<\/td>\n<td>Oui<\/td>\n<\/tr>\n<tr>\n<td>Respectueux de l&#8217;environnement :<\/td>\n<td>Oui<\/td>\n<\/tr>\n<tr>\n<td>Certification environnementale :<\/td>\n<td>Outil d&#8217;\u00e9valuation environnementale des produits \u00e9lectroniques (EPEAT Silver)<\/td>\n<\/tr>\n<tr>\n<td>Certification de l&#8217;efficacit\u00e9 \u00e9nerg\u00e9tique :<\/td>\n<td>ENERGY STAR 8.0<\/td>\n<\/tr>\n<tr>\n<td>Conformit\u00e9 en mati\u00e8re d&#8217;efficacit\u00e9 \u00e9nerg\u00e9tique :<\/td>\n<td>Directive sur les produits li\u00e9s \u00e0 l&#8217;\u00e9nergie, lot 3 (ErP Lot 3)<\/td>\n<\/tr>\n<tr>\n<td>Conformit\u00e9 environnementale :<\/td>\n<td>Restriction des substances dangereuses (RoHS)<\/td>\n<\/tr>\n<\/tbody>\n<\/table>\n<h3>Garantie<\/h3>\n<table class=\"table\">\n<tbody>\n<tr>\n<td>Garantie limit\u00e9e :<\/td>\n<td>1 an<\/td>\n<\/tr>\n<tr>\n<td>Informations suppl\u00e9mentaires sur la garantie :<\/td>\n<td>1Courrier Carryin<\/td>\n<\/tr>\n<\/tbody>\n<\/table>\n","protected":false},"excerpt":{"rendered":"<p class=\"product_title entry-title\">Full HD &#8211; Intel Core i3 12th Gen i3-1215U &#8211; 8 Go &#8211; 256 Go SSD &#8211; 1920 x 1080 &#8211; Windows 11 Pro &#8211; Intel UHD Graphics &#8211; Cam\u00e9ra frontale\/Webcam &#8211; IEEE 802.11ax Wireless LAN Standard<\/p>\n<p><span id=\"test_click\" class=\"loop-product-categories\">MFG. PART : 82TT005EUS UPC : 196800623256 <\/span><\/p>\n<div>\n<p class=\"item_disclaim_weight\">POIDS DU NAVIRE : 5.3 LBS.<\/p>\n<p class=\"item_disclaim_warranty\">Garantie : 1 an de garantie<\/p>\n<\/div>\n","protected":false},"featured_media":6355,"comment_status":"open","ping_status":"closed","template":"","meta":{"nf_dc_page":"","om_disable_all_campaigns":false},"product_brand":[],"product_cat":[176],"product_tag":[169],"class_list":{"0":"post-6364","1":"product","2":"type-product","3":"status-publish","4":"has-post-thumbnail","6":"product_cat-ordinateurs-portables","7":"product_tag-lenovo-fr","9":"first","10":"instock","11":"taxable","12":"shipping-taxable","13":"purchasable","14":"product-type-simple","15":"add-to-wishlist-after_add_to_cart"},"jetpack_sharing_enabled":true,"_links":{"self":[{"href":"https:\/\/servipconline.com\/fr\/wp-json\/wp\/v2\/product\/6364","targetHints":{"allow":["GET"]}}],"collection":[{"href":"https:\/\/servipconline.com\/fr\/wp-json\/wp\/v2\/product"}],"about":[{"href":"https:\/\/servipconline.com\/fr\/wp-json\/wp\/v2\/types\/product"}],"replies":[{"embeddable":true,"href":"https:\/\/servipconline.com\/fr\/wp-json\/wp\/v2\/comments?post=6364"}],"wp:featuredmedia":[{"embeddable":true,"href":"https:\/\/servipconline.com\/fr\/wp-json\/wp\/v2\/media\/6355"}],"wp:attachment":[{"href":"https:\/\/servipconline.com\/fr\/wp-json\/wp\/v2\/media?parent=6364"}],"wp:term":[{"taxonomy":"product_brand","embeddable":true,"href":"https:\/\/servipconline.com\/fr\/wp-json\/wp\/v2\/product_brand?post=6364"},{"taxonomy":"product_cat","embeddable":true,"href":"https:\/\/servipconline.com\/fr\/wp-json\/wp\/v2\/product_cat?post=6364"},{"taxonomy":"product_tag","embeddable":true,"href":"https:\/\/servipconline.com\/fr\/wp-json\/wp\/v2\/product_tag?post=6364"}],"curies":[{"name":"wp","href":"https:\/\/api.w.org\/{rel}","templated":true}]}}