{"id":6344,"date":"2024-07-27T02:30:24","date_gmt":"2024-07-27T02:30:24","guid":{"rendered":"https:\/\/servipconline.com\/product\/ordinateur-portable-hp-probook-450-g10-156-pouces\/"},"modified":"2024-07-27T02:30:24","modified_gmt":"2024-07-27T02:30:24","slug":"ordinateur-portable-hp-probook-450-g10-156-pouces","status":"publish","type":"product","link":"https:\/\/servipconline.com\/fr\/produit\/ordinateur-portable-hp-probook-450-g10-156-pouces\/","title":{"rendered":"Ordinateur portable HP ProBook 450 G10 15,6 pouces"},"content":{"rendered":"<div class=\"ccs-cc-inline-section ccs-cc-inline-features ccs-cc-inline-banner\" data-elementid=\"inline-content-features[hp]\" data-context=\"{\"mobile\":false}\" data-ccs-cc-inline-jumplink=\"Banner\" data-display-mode=\"noheader\">\n<div class=\"ccs-cc-inline-features-block\">\n<div class=\"ccs-cc-inline-banner-VisualID\">\n<div class=\"ccs-cc-inline-feature-content ccs-cc-inline-feature-description\">\n<h3>Fonctionnalit\u00e9s essentielles de niveau commercial<\/h3>\n<hr>\n<p>  HP ProBook 450 15.6&#8243; G10  <\/p><\/div>\n<\/div>\n<\/div>\n<\/div>\n<div class=\"ccs-cc-inline-section ccs-cc-inline-features ccs-cc-inline-key-features ccs-cc-inline-visualid\" data-elementid=\"inline-content-features[hp]\" data-context=\"{\"mobile\":false}\" data-ccs-cc-inline-jumplink=\"Features\" data-display-mode=\"noheader\">\n<div class=\"ccs-cc-inline-features-block ccs-cc-inline-single-feature\">\n<div class=\"ccs-cc-inline-feature\" data-type=\"text media\" data-pos=\"right\">\n<div class=\"ccs-cc-inline-feature-content ccs-cc-inline-thumbnail\"><a class=\"ccs-cc-inline-thumbnail-image ccs-cc-inline-thumbnail-media ccs-cc-inline-clickable\" title=\"Optimis\u00e9 pour le travail hybride Agrandir l'image\" href=\"https:\/\/i0.wp.com\/cdn.cs.1worldsync.com\/syndication\/feeds\/hp\/inline-content\/6U\/A\/B\/ABB376C424B1D41C03B8AA680206D33E2F072EE7_i_sq_460_featurtn.jpg?ssl=1\" data-media-type=\"image\" data-caption=\"Optimized for hybrid work\"> <img data-recalc-dims=\"1\" decoding=\"async\" src=\"https:\/\/i0.wp.com\/cdn.cs.1worldsync.com\/syndication\/feeds\/hp\/inline-content\/6U\/A\/B\/ABB376C424B1D41C03B8AA680206D33E2F072EE7_i_sq_460_featurtn.jpg?w=1170&#038;ssl=1\" alt=\"Optimis\u00e9 pour le travail hybride\" data-large=\"\" data-alt-text=\"Please wait while content is loading...\" aria-label=\"Optimized for hybrid work\"> <\/a><\/div>\n<div class=\"ccs-cc-inline-feature-content ccs-cc-inline-feature-description\">\n<h3>Optimis\u00e9 pour le travail hybride<\/h3>\n<p>  Donnez le meilleur de vous-m\u00eame, o\u00f9 que vous travailliez, gr\u00e2ce aux fonctions am\u00e9lior\u00e9es de l&#8217;appareil photo et aux r\u00e9glages de l&#8217;\u00e9clairage.<sup><a id=\"ccs-f1inline-d931a2\" href=\"https:\/\/www.directdial.com\/ca\/item\/hp-probook-450-g10-15-6-notebook\/822p5ut-aba#ccs-ft1inline-d931a2\">1<\/a><\/sup><\/p>\n<\/div>\n<\/div>\n<\/div>\n<div class=\"ccs-cc-inline-features-block ccs-cc-inline-single-feature\">\n<div class=\"ccs-cc-inline-feature\" data-type=\"text media\" data-pos=\"left\">\n<div class=\"ccs-cc-inline-feature-content ccs-cc-inline-thumbnail\"><a class=\"ccs-cc-inline-thumbnail-image ccs-cc-inline-thumbnail-media ccs-cc-inline-clickable\" title=\"Test\u00e9 pour la durabilit\u00e9 Agrandir l'image\" href=\"https:\/\/i0.wp.com\/cdn.cs.1worldsync.com\/syndication\/feeds\/hp\/inline-content\/6U\/E\/7\/E7F93A87373520EE1FC5ECC9AFB45DFA9C08C6EF_i_sq_460_featurtn.jpg?ssl=1\" data-media-type=\"image\" data-caption=\"Tested for durability\"> <img data-recalc-dims=\"1\" decoding=\"async\" src=\"https:\/\/i0.wp.com\/cdn.cs.1worldsync.com\/syndication\/feeds\/hp\/inline-content\/6U\/E\/7\/E7F93A87373520EE1FC5ECC9AFB45DFA9C08C6EF_i_sq_460_featurtn.jpg?w=1170&#038;ssl=1\" alt=\"Test\u00e9 pour la durabilit\u00e9\" data-large=\"\" data-alt-text=\"Please wait while content is loading...\" aria-label=\"Tested for durability\"> <\/a><\/div>\n<div class=\"ccs-cc-inline-feature-content ccs-cc-inline-feature-description\">\n<h3>Test\u00e9 pour la durabilit\u00e9<\/h3>\n<p>  Il a pass\u00e9 19 tests MIL-STD pour sa durabilit\u00e9 et sa facilit\u00e9 d&#8217;entretien, ce qui vous permet de tirer le meilleur parti de votre investissement dans les technologies de l&#8217;information.  <\/p><\/div>\n<\/div>\n<\/div>\n<div class=\"ccs-cc-inline-features-block ccs-cc-inline-single-feature\">\n<div class=\"ccs-cc-inline-feature\" data-type=\"text media\" data-pos=\"right\">\n<div class=\"ccs-cc-inline-feature-content ccs-cc-inline-thumbnail\"><a class=\"ccs-cc-inline-thumbnail-image ccs-cc-inline-thumbnail-media ccs-cc-inline-clickable\" title=\"La performance au service de la croissance de l'entreprise Agrandir l'image\" href=\"https:\/\/i0.wp.com\/cdn.cs.1worldsync.com\/syndication\/feeds\/hp\/inline-content\/6U\/0\/C\/0C95E924C44268071F2C91E88DF8CDA2AA6448A0_i_sq_460_featurtn.jpg?ssl=1\" data-media-type=\"image\" data-caption=\"Performance for growing business\"> <img data-recalc-dims=\"1\" decoding=\"async\" class=\"\" src=\"https:\/\/i0.wp.com\/cdn.cs.1worldsync.com\/syndication\/feeds\/hp\/inline-content\/6U\/0\/C\/0C95E924C44268071F2C91E88DF8CDA2AA6448A0_i_sq_460_featurtn.jpg?resize=142%2C144&#038;ssl=1\" alt=\"La performance au service de la croissance de l'entreprise\" width=\"142\" height=\"144\" data-large=\"\" data-alt-text=\"Please wait while content is loading...\" aria-label=\"Performance for growing business\"> <\/a><\/div>\n<div class=\"ccs-cc-inline-feature-content ccs-cc-inline-feature-description\">\n<h3>La performance au service de la croissance de l&#8217;entreprise<\/h3>\n<p>  Restez \u00e0 la hauteur des t\u00e2ches les plus exigeantes gr\u00e2ce au dernier processeur <sup>Intel\u00ae<\/sup>, \u00e0 la longue dur\u00e9e de vie de la batterie et \u00e0 la m\u00e9moire et au stockage \u00e9volutifs.  <\/div>\n<\/div>\n<\/div>\n<div class=\"ccs-cc-inline-features-block ccs-cc-inline-single-feature\">\n<div class=\"ccs-cc-inline-feature\" data-type=\"text media\" data-pos=\"left\">\n<div class=\"ccs-cc-inline-feature-content ccs-cc-inline-thumbnail\"><a class=\"ccs-cc-inline-thumbnail-image ccs-cc-inline-thumbnail-media ccs-cc-inline-clickable\" title=\"LAN sans fil rapide et efficace Agrandir l'image\" href=\"https:\/\/i0.wp.com\/cdn.cs.1worldsync.com\/syndication\/feeds\/hp\/inline-content\/6U\/6\/C\/6C84420ED5263C897A992AF579F45B6658FCEA0D_i_sq_460_featurtn.jpg?ssl=1\" data-media-type=\"image\" data-caption=\"Fast and efficient wireless LAN\"> <img data-recalc-dims=\"1\" decoding=\"async\" class=\"\" src=\"https:\/\/i0.wp.com\/cdn.cs.1worldsync.com\/syndication\/feeds\/hp\/inline-content\/6U\/6\/C\/6C84420ED5263C897A992AF579F45B6658FCEA0D_i_sq_460_featurtn.jpg?resize=138%2C227&#038;ssl=1\" alt=\"R\u00e9seau local sans fil rapide et efficace\" width=\"138\" height=\"227\" data-large=\"\" data-alt-text=\"Please wait while content is loading...\" aria-label=\"Fast and efficient wireless LAN\"> <\/a><\/div>\n<div class=\"ccs-cc-inline-feature-content ccs-cc-inline-feature-description\">\n<h3>R\u00e9seau local sans fil rapide et efficace<\/h3>\n<p>  La portabilit\u00e9 de votre PC et la fiabilit\u00e9 d&#8217;une connexion rapide d\u00e9terminent l&#8217;endroit o\u00f9 vous pouvez travailler.<br \/>\nB\u00e9n\u00e9ficiez d&#8217;une connexion rapide et fiable dans les environnements sans fil denses gr\u00e2ce au Wi-Fi \u00e0 vitesse gigabit.   <\/p><\/div>\n<\/div>\n<\/div>\n<div class=\"ccs-cc-inline-features-block ccs-cc-inline-single-feature\">\n<div class=\"ccs-cc-inline-feature\" data-type=\"text media\" data-pos=\"right\">\n<div class=\"ccs-cc-inline-feature-content ccs-cc-inline-thumbnail\"><a class=\"ccs-cc-inline-thumbnail-image ccs-cc-inline-thumbnail-media ccs-cc-inline-clickable\" title=\"HP Sure Sense agrandir l'image\" href=\"https:\/\/i0.wp.com\/cdn.cs.1worldsync.com\/syndication\/feeds\/hp\/inline-content\/6U\/3\/9\/395992B1687EBF28064A5760A506F75EF8AC53E6_i_sq_460_featurtn.jpg?ssl=1\" data-media-type=\"image\" data-caption=\"HP Sure Sense\"> <img data-recalc-dims=\"1\" decoding=\"async\" src=\"https:\/\/i0.wp.com\/cdn.cs.1worldsync.com\/syndication\/feeds\/hp\/inline-content\/6U\/3\/9\/395992B1687EBF28064A5760A506F75EF8AC53E6_i_sq_460_featurtn.jpg?w=1170&#038;ssl=1\" alt=\"HP Sure Sense\" data-large=\"\" data-alt-text=\"Please wait while content is loading...\" aria-label=\"HP Sure Sense\"> <\/a><\/div>\n<div class=\"ccs-cc-inline-feature-content ccs-cc-inline-feature-description\">\n<h3>HP Sure Sense<\/h3>\n<p>  Les logiciels malveillants \u00e9voluent rapidement et les antivirus traditionnels ne peuvent pas toujours reconna\u00eetre les nouvelles attaques.<br \/>\nProt\u00e9gez votre PC contre des attaques in\u00e9dites avec HP Sure Sense, qui utilise l&#8217;IA d&#8217;apprentissage profond pour fournir une protection exceptionnelle contre les logiciels malveillants avanc\u00e9s.   <\/p><\/div>\n<\/div>\n<\/div>\n<\/div>\n<div class=\"ccs-cc-inline-section ccs-cc-inline-features ccs-cc-inline-visualid\" data-elementid=\"inline-content-features[hp]\" data-context=\"{\"mobile\":false}\" data-ccs-cc-inline-jumplink=\"Features\" data-display-mode=\"noheader\">\n<div class=\"ccs-cc-inline-features-block ccs-cc-inline-single-feature\">\n<div class=\"ccs-cc-inline-feature\" data-type=\"text media\" data-pos=\"left\">\n<div class=\"ccs-cc-inline-feature-content ccs-cc-inline-thumbnail\"><a class=\"ccs-cc-inline-thumbnail-image ccs-cc-inline-thumbnail-media ccs-cc-inline-clickable\" title=\"HP ProBook 450 15.6 inch G10 Notebook PC show larger image\" href=\"https:\/\/i0.wp.com\/cdn.cs.1worldsync.com\/syndication\/feeds\/hp\/inline-content\/6U\/7\/3\/7391B50120677AEB493D4814E5F182A1C31A7D60_i_sq_460_featurtn.jpg?ssl=1\" data-media-type=\"image\" data-caption=\"HP ProBook 450 15.6 inch G10 Notebook PC\"> <img data-recalc-dims=\"1\" decoding=\"async\" src=\"https:\/\/i0.wp.com\/cdn.cs.1worldsync.com\/syndication\/feeds\/hp\/inline-content\/6U\/7\/3\/7391B50120677AEB493D4814E5F182A1C31A7D60_i_sq_460_featurtn.jpg?w=1170&#038;ssl=1\" alt=\"HP ProBook 450 15.6 pouces G10 Notebook PC\" data-large=\"\" data-alt-text=\"Please wait while content is loading...\" aria-label=\"HP ProBook 450 15.6 inch G10 Notebook PC\"> <\/a><\/div>\n<div class=\"ccs-cc-inline-feature-content ccs-cc-inline-feature-description\">\n<h3>Naviguez en toute confiance<\/h3>\n<p>  Prot\u00e9gez votre PC contre les sites Web et les pi\u00e8ces jointes Microsoft Office et PDF en lecture seule contenant des logiciels malveillants, des ransomwares ou des virus, gr\u00e2ce \u00e0 la s\u00e9curit\u00e9 renforc\u00e9e par le mat\u00e9riel de HP Sure Click.<sup><a id=\"ccs-f6inline-d931a2\" href=\"https:\/\/www.directdial.com\/ca\/item\/hp-probook-450-g10-15-6-notebook\/822p5ut-aba#ccs-ft6inline-d931a2\">6<\/a><\/sup><\/p>\n<h3>Travailler sans interruption<\/h3>\n<p>  Maintenez une productivit\u00e9 \u00e9lev\u00e9e et des temps d&#8217;arr\u00eat r\u00e9duits gr\u00e2ce aux fonctions enti\u00e8rement int\u00e9gr\u00e9es et automatis\u00e9es de l&#8217;\u00e9cosyst\u00e8me de microprogrammes HP BIOSphere Gen6.<br \/>\nVos PC b\u00e9n\u00e9ficient d&#8217;une protection suppl\u00e9mentaire gr\u00e2ce aux mises \u00e0 jour automatiques et aux contr\u00f4les de s\u00e9curit\u00e9. <sup><a id=\"ccs-f7inline-d931a2\" href=\"https:\/\/www.directdial.com\/ca\/item\/hp-probook-450-g10-15-6-notebook\/822p5ut-aba#ccs-ft7inline-d931a2\">7<\/a><\/sup><\/p>\n<\/div>\n<\/div>\n<\/div>\n<\/div>\n<div class=\"ccs-cc-inline-section ccs-cc-inline-features ccs-cc-inline-ports\" data-elementid=\"inline-content-features[hp]\" data-context=\"{\"mobile\":false}\" data-ccs-cc-inline-jumplink=\"Ports\" data-display-mode=\"noheader\">\n<div class=\"ccs-cc-inline-features-block ccs-cc-inline-single-feature\">\n<div class=\"ccs-cc-inline-feature ccs-cc-inline-feature-ports\">\n<div class=\"ccs-cc-inline-feature-content ccs-cc-inline-thumbnail\"><img data-recalc-dims=\"1\" decoding=\"async\" src=\"https:\/\/i0.wp.com\/cdn.cs.1worldsync.com\/syndication\/feeds\/hp\/inline-content\/6U\/D\/2\/D\/2\/B\/D2D2BA750596C31C2C1E6DAF8D4132CAC4343A66_w_400_hero.png?w=1170&#038;ssl=1\"><\/div>\n<div class=\"ccs-cc-inline-feature-content ccs-cc-inline-feature-description\">\n<div class=\"ccs-cc-inline-ports-VisualID\">\n<h3>Ports<\/h3>\n<p>  2 USB Type-A 5Gbps (1 charge, 1 alimentation) 1 alimentation AC 1 HDMI 2.1 1 prise combin\u00e9e casque\/micro st\u00e9r\u00e9o 1 RJ-45 2 USB Type-C<br \/>\n<sup>\u00ae<\/sup> d\u00e9bit de signalisation de 10 Gbps (USB Power Delivery, DisplayPort<br \/>\n<sup>\u2122<\/sup> 2.1)  <\/div>\n<\/div>\n<\/div>\n<\/div>\n<\/div>\n<div class=\"ccs-cc-inline-section ccs-cc-inline-features ccs-cc-inline-flex ccs-cc-inline-visualid\" data-elementid=\"inline-content-features[hp]\" data-context=\"{\"mobile\":false}\" data-ccs-cc-inline-jumplink=\"Features\" data-display-mode=\"noheader\">\n<div class=\"ccs-cc-inline-features-block ccs-cc-inline-single-feature\">\n<div class=\"ccs-cc-inline-feature\" data-type=\"text media\" data-pos=\"left\">\n<div class=\"ccs-cc-inline-feature-content ccs-cc-inline-thumbnail\"><\/div>\n<div class=\"ccs-cc-inline-feature-content ccs-cc-inline-feature-description\">\n<h3>Contribuer \u00e0 prot\u00e9ger notre avenir commun<\/h3>\n<p>  100 % des PC, stations de travail et \u00e9crans HP lanc\u00e9s depuis 2022 contiennent des mat\u00e9riaux recycl\u00e9s.  <\/p><\/div>\n<\/div>\n<\/div>\n<\/div>\n<div class=\"ccs-cc-inline-section ccs-cc-inline-windows11\" data-elementid=\"inline-content-windows11[hp]\" data-context=\"{\"mobile\":false,\"tmpl\":\"pro\"}\" data-ccs-cc-inline-jumplink=\"Windows 11\" data-display-mode=\"noheader\">\n<div id=\"ccs-logo-windows-11\" class=\"ccs-logo-windows11-pro\">\n<div class=\"ccs-logo-windows11-body ccs-logo-en-ca ccs-logo-windows11-mobile ccs-logo-windows11-small\">\n<p>&nbsp;<\/p>\n<div class=\"ccs-logo-windows11-flex\">  TABS  <\/p>\n<section id=\"ccs-logo-windows11-panel-productivity\" class=\"ccs-logo-windows11-sectionblur ccs-logo-windows11-panel-productivity\" role=\"tabpanel\" aria-labelledby=\"ccs-logo-windows11-tab-0\">\n<header class=\"ccs-logo-windows11-copy\">\n<h1>S\u00e9curit\u00e9 pr\u00eate \u00e0 l&#8217;emploi<\/h1>\n<p>  Les nouveaux appareils Windows 11 Pro int\u00e8grent le mat\u00e9riel et le logiciel pour une protection puissante et pr\u00eate \u00e0 l&#8217;emploi.  <\/header>\n<div class=\"ccs-logo-windows11-content\"><img data-recalc-dims=\"1\" decoding=\"async\" class=\"ccs-logo-windows11-panel-bg\" src=\"https:\/\/i0.wp.com\/cdn.cs.1worldsync.com\/syndication\/inlinecontent\/Windows11Blade_v1\/Pro\/windows11-pro-secure-background-desktop%402x.jpg?w=1170&#038;ssl=1\" alt=\"Exp\u00e9rience de Microsoft Windows 11\"><\/div>\n<\/section>\n<\/div>\n<h3>Informations g\u00e9n\u00e9rales<\/h3>\n<table class=\"table\">\n<tbody>\n<tr>\n<td>Fabricant :<\/td>\n<td>HP Inc.<\/td>\n<\/tr>\n<tr>\n<td>Num\u00e9ro de pi\u00e8ce du fabricant :<\/td>\n<td>822P5UT#ABA<\/td>\n<\/tr>\n<tr>\n<td>Adresse du site Web du fabricant :<\/td>\n<td>http:\/\/www.hp.com<\/td>\n<\/tr>\n<tr>\n<td>Nom de marque :<\/td>\n<td>HP<\/td>\n<\/tr>\n<tr>\n<td>Gamme de produits :<\/td>\n<td>ProBook<\/td>\n<\/tr>\n<tr>\n<td>S\u00e9rie de produits :<\/td>\n<td>450 G10<\/td>\n<\/tr>\n<tr>\n<td>Nom du produit :<\/td>\n<td>ProBook 450 15.6 inch G10 Notebook PC Wolf Pro Security Edition<\/td>\n<\/tr>\n<tr>\n<td>Type de produit :<\/td>\n<td>Ordinateur portable<\/td>\n<\/tr>\n<\/tbody>\n<\/table>\n<h3>Informations techniques<\/h3>\n<table class=\"table\">\n<tbody>\n<tr>\n<td>Ann\u00e9e de sortie :<\/td>\n<td>2023<\/td>\n<\/tr>\n<\/tbody>\n<\/table>\n<h3>Processeur<\/h3>\n<table class=\"table\">\n<tbody>\n<tr>\n<td>Fabricant du processeur :<\/td>\n<td>Intel<\/td>\n<\/tr>\n<tr>\n<td>Type de processeur :<\/td>\n<td>Core i7<\/td>\n<\/tr>\n<tr>\n<td>G\u00e9n\u00e9ration de processeur :<\/td>\n<td>13\u00e8me g\u00e9n\u00e9ration<\/td>\n<\/tr>\n<tr>\n<td>Mod\u00e8le de processeur :<\/td>\n<td>i7-1355U<\/td>\n<\/tr>\n<tr>\n<td>C\u0153ur du processeur :<\/td>\n<td>D\u00e9ca-c\u0153ur (10 c\u0153urs)<\/td>\n<\/tr>\n<tr>\n<td>Vitesse du processeur :<\/td>\n<td>1,70 GHz<\/td>\n<\/tr>\n<tr>\n<td>Vitesse maximale du turbo :<\/td>\n<td>5 GHz<\/td>\n<\/tr>\n<\/tbody>\n<\/table>\n<h3>Jeu de puces<\/h3>\n<table class=\"table\">\n<tbody>\n<tr>\n<td>Fabricant du chipset :<\/td>\n<td>Intel<\/td>\n<\/tr>\n<\/tbody>\n<\/table>\n<h3>M\u00e9moire<\/h3>\n<table class=\"table\">\n<tbody>\n<tr>\n<td>M\u00e9moire totale install\u00e9e :<\/td>\n<td>16 GO<\/td>\n<\/tr>\n<tr>\n<td>M\u00e9moire syst\u00e8me maximale prise en charge :<\/td>\n<td>32 GO<\/td>\n<\/tr>\n<tr>\n<td>Technologie de m\u00e9moire syst\u00e8me :<\/td>\n<td>DDR4 SDRAM<\/td>\n<\/tr>\n<tr>\n<td>Vitesse de la m\u00e9moire du syst\u00e8me :<\/td>\n<td>3200 MHz<\/td>\n<\/tr>\n<tr>\n<td>Facteur de forme de la m\u00e9moire syst\u00e8me :<\/td>\n<td>SoDIMM<\/td>\n<\/tr>\n<tr>\n<td>M\u00e9moire install\u00e9e :<\/td>\n<td>16 GB<\/td>\n<\/tr>\n<tr>\n<td>Configuration de la m\u00e9moire install\u00e9e :<\/td>\n<td>1 x 16GB<\/td>\n<\/tr>\n<tr>\n<td>Nombre total d&#8217;emplacements de m\u00e9moire :<\/td>\n<td>2.0<\/td>\n<\/tr>\n<tr>\n<td>Nombre d&#8217;emplacements de m\u00e9moire occup\u00e9s :<\/td>\n<td>1.0<\/td>\n<\/tr>\n<tr>\n<td>Nombre d&#8217;emplacements de m\u00e9moire libres :<\/td>\n<td>1.0<\/td>\n<\/tr>\n<\/tbody>\n<\/table>\n<h3>Stockage<\/h3>\n<table class=\"table\">\n<tbody>\n<tr>\n<td>Type de disque :<\/td>\n<td>SSD<\/td>\n<\/tr>\n<tr>\n<td>Capacit\u00e9 totale du Solid State Drive :<\/td>\n<td>512 GO<\/td>\n<\/tr>\n<tr>\n<td>Facteur de forme SSD :<\/td>\n<td>M.2<\/td>\n<\/tr>\n<\/tbody>\n<\/table>\n<h3>Affichage et graphisme<\/h3>\n<table class=\"table\">\n<tbody>\n<tr>\n<td>Taille de l&#8217;\u00e9cran :<\/td>\n<td>15.6&#8243;<\/td>\n<\/tr>\n<tr>\n<td>Technologie d&#8217;\u00e9cran :<\/td>\n<td>Technologie IPS (In-plane Switching)<\/td>\n<\/tr>\n<tr>\n<td>Taux de rafra\u00eechissement standard :<\/td>\n<td>60 Hz<\/td>\n<\/tr>\n<tr>\n<td>Mode d&#8217;\u00e9cran :<\/td>\n<td>Full HD<\/td>\n<\/tr>\n<tr>\n<td>R\u00e9solution de l&#8217;\u00e9cran :<\/td>\n<td>1920 x 1080<\/td>\n<\/tr>\n<tr>\n<td>\u00c9cran tactile :<\/td>\n<td>Non<\/td>\n<\/tr>\n<tr>\n<td>Fabricant du contr\u00f4leur graphique :<\/td>\n<td>Intel<\/td>\n<\/tr>\n<tr>\n<td>Mod\u00e8le de contr\u00f4leur graphique :<\/td>\n<td>Graphique UHD<\/td>\n<\/tr>\n<tr>\n<td>Technologie de m\u00e9moire graphique :<\/td>\n<td>DDR4 SDRAM<\/td>\n<\/tr>\n<tr>\n<td>Accessibilit\u00e9 de la m\u00e9moire graphique :<\/td>\n<td>Partag\u00e9e<\/td>\n<\/tr>\n<\/tbody>\n<\/table>\n<h3>R\u00e9seau et communication<\/h3>\n<table class=\"table\">\n<tbody>\n<tr>\n<td>R\u00e9seau local sans fil :<\/td>\n<td>Oui<\/td>\n<\/tr>\n<tr>\n<td>Norme LAN sans fil :<\/td>\n<td>IEEE 802.11ax<\/td>\n<\/tr>\n<tr>\n<td>Technologie Ethernet :<\/td>\n<td>Gigabit Ethernet<\/td>\n<\/tr>\n<tr>\n<td>Bluetooth :<\/td>\n<td>Oui<\/td>\n<\/tr>\n<\/tbody>\n<\/table>\n<h3>Dispositifs int\u00e9gr\u00e9s<\/h3>\n<table class=\"table\">\n<tbody>\n<tr>\n<td>Cam\u00e9ra frontale\/Webcam :<\/td>\n<td>Oui<\/td>\n<\/tr>\n<\/tbody>\n<\/table>\n<h3>Interfaces\/Ports<\/h3>\n<table class=\"table\">\n<tbody>\n<tr>\n<td>HDMI :<\/td>\n<td>Oui<\/td>\n<\/tr>\n<tr>\n<td>Nombre de sorties HDMI :<\/td>\n<td>1<\/td>\n<\/tr>\n<tr>\n<td>Nombre total de ports USB :<\/td>\n<td>4<\/td>\n<\/tr>\n<tr>\n<td>Nombre de ports USB 3.2 Gen 1 Type-A :<\/td>\n<td>2<\/td>\n<\/tr>\n<tr>\n<td>Nombre de ports USB 3.2 Gen 2 Type-C :<\/td>\n<td>2<\/td>\n<\/tr>\n<tr>\n<td>Nombre de ports Ethernet :<\/td>\n<td>1<\/td>\n<\/tr>\n<tr>\n<td>R\u00e9seau (RJ-45) :<\/td>\n<td>Oui<\/td>\n<\/tr>\n<\/tbody>\n<\/table>\n<h3>Syst\u00e8me d&#8217;exploitation<\/h3>\n<table class=\"table\">\n<tbody>\n<tr>\n<td>Plate-forme du syst\u00e8me d&#8217;exploitation :<\/td>\n<td>Windows<\/td>\n<\/tr>\n<tr>\n<td>Syst\u00e8me d&#8217;exploitation :<\/td>\n<td>Windows 11 Pro<\/td>\n<\/tr>\n<tr>\n<td>Langue du syst\u00e8me d&#8217;exploitation :<\/td>\n<td>Anglais<\/td>\n<\/tr>\n<\/tbody>\n<\/table>\n<h3>P\u00e9riph\u00e9riques d&#8217;entr\u00e9e<\/h3>\n<table class=\"table\">\n<tbody>\n<tr>\n<td>R\u00e9tro\u00e9clairage du clavier :<\/td>\n<td>Oui<\/td>\n<\/tr>\n<tr>\n<td>Localisation du clavier :<\/td>\n<td>Anglais<\/td>\n<\/tr>\n<\/tbody>\n<\/table>\n<h3>Informations sur la batterie<\/h3>\n<table class=\"table\">\n<tbody>\n<tr>\n<td>Nombre de cellules :<\/td>\n<td>3 cellules<\/td>\n<\/tr>\n<tr>\n<td>Poids de la batterie :<\/td>\n<td>180 g<\/td>\n<\/tr>\n<\/tbody>\n<\/table>\n<h3>Description de la puissance<\/h3>\n<table class=\"table\">\n<tbody>\n<tr>\n<td>Puissance maximale de l&#8217;alimentation \u00e9lectrique :<\/td>\n<td>45 W<\/td>\n<\/tr>\n<tr>\n<td>Fr\u00e9quence de l&#8217;adaptateur CA :<\/td>\n<td>47 Hz, 63 Hz<\/td>\n<\/tr>\n<tr>\n<td>Type de fiche d&#8217;alimentation :<\/td>\n<td>Type C<\/td>\n<\/tr>\n<\/tbody>\n<\/table>\n<h3>Caract\u00e9ristiques physiques<\/h3>\n<table class=\"table\">\n<tbody>\n<tr>\n<td>Famille de couleurs :<\/td>\n<td>Argent<\/td>\n<\/tr>\n<tr>\n<td>Couleur du produit :<\/td>\n<td>Plastique argent\u00e9 pour brochet<\/td>\n<\/tr>\n<tr>\n<td>Hauteur :<\/td>\n<td>0,78&#8243; (19,90 mm)<\/td>\n<\/tr>\n<tr>\n<td>Largeur :<\/td>\n<td>14.15&#8243; (359.40 mm)<\/td>\n<\/tr>\n<tr>\n<td>Profondeur :<\/td>\n<td>9.21&#8243; (233.90 mm)<\/td>\n<\/tr>\n<tr>\n<td>Poids (approximatif) :<\/td>\n<td>1,79 kg<\/td>\n<\/tr>\n<\/tbody>\n<\/table>\n<h3>Divers<\/h3>\n<table class=\"table\">\n<tbody>\n<tr>\n<td>Contenu du paquet :<\/td>\n<td>\n<ul>\n<li>ProBook 450 15,6 pouces G10 PC portable Wolf Pro Security Edition<\/li>\n<li>Adaptateur CA<\/li>\n<li>Cordon d&#8217;alimentation<\/li>\n<\/ul>\n<\/td>\n<\/tr>\n<tr>\n<td>Caract\u00e9ristiques :<\/td>\n<td>\u00c9cran antireflet, technologie Miracast<\/td>\n<\/tr>\n<tr>\n<td>Energy Star :<\/td>\n<td>Oui<\/td>\n<\/tr>\n<tr>\n<td>Pays d&#8217;origine :<\/td>\n<td>Chine<\/td>\n<\/tr>\n<tr>\n<td>Certifi\u00e9 TCO :<\/td>\n<td>Oui<\/td>\n<\/tr>\n<tr>\n<td>Respectueux de l&#8217;environnement :<\/td>\n<td>Oui<\/td>\n<\/tr>\n<tr>\n<td>Certification environnementale :<\/td>\n<td>Outil d&#8217;\u00e9valuation environnementale des produits \u00e9lectroniques Gold (EPEAT Gold)<\/td>\n<\/tr>\n<tr>\n<td>Conformit\u00e9 environnementale :<\/td>\n<td>Restriction des substances dangereuses (RoHS), directive sur les d\u00e9chets d&#8217;\u00e9quipements \u00e9lectriques et \u00e9lectroniques (DEEE)<\/td>\n<\/tr>\n<\/tbody>\n<\/table>\n<h3>Garantie<\/h3>\n<table class=\"table\">\n<tbody>\n<tr>\n<td>Garantie limit\u00e9e :<\/td>\n<td>1 an<\/td>\n<\/tr>\n<\/tbody>\n<\/table>\n<\/div>\n<\/div>\n<\/div>\n","protected":false},"excerpt":{"rendered":"<p class=\"product_title entry-title\">Full HD &#8211; Intel Core i7 13th Gen i7-1355U &#8211; 16 Go &#8211; 512 Go SSD &#8211; Pike Silver &#8211; Puce Intel &#8211; 1920 x 1080 &#8211; Windows 11 Pro &#8211; Intel UHD Graphics &#8211; Technologie In-plane Switching (IPS) &#8211; Clavier anglais &#8211; Cam\u00e9ra frontale\/Webcam &#8211; Norme LAN sans fil IEEE 802.11ax<\/p>\n<p><span id=\"test_click\" class=\"loop-product-categories\">  MFG.<br \/>\nPARTIE : 822P5UT#ABA   <\/span><\/p>\n<p><span id=\"test_click\" class=\"loop-product-categories\">UPC : 197497291322  <\/span><\/p>\n<div>\n<div class=\"item_disclaim_weight\">POIDS DU NAVIRE : 5.3 LBS.<\/div>\n<div class=\"item_disclaim_warranty\">Garantie : 1 an de garantie<\/div>\n<\/div>\n","protected":false},"featured_media":6181,"comment_status":"open","ping_status":"closed","template":"","meta":{"nf_dc_page":"","om_disable_all_campaigns":false},"product_brand":[],"product_cat":[176],"product_tag":[177],"class_list":{"0":"post-6344","1":"product","2":"type-product","3":"status-publish","4":"has-post-thumbnail","6":"product_cat-ordinateurs-portables","7":"product_tag-hp-fr","9":"first","10":"instock","11":"sale","12":"taxable","13":"shipping-taxable","14":"purchasable","15":"product-type-simple","16":"add-to-wishlist-after_add_to_cart"},"jetpack_sharing_enabled":true,"_links":{"self":[{"href":"https:\/\/servipconline.com\/fr\/wp-json\/wp\/v2\/product\/6344","targetHints":{"allow":["GET"]}}],"collection":[{"href":"https:\/\/servipconline.com\/fr\/wp-json\/wp\/v2\/product"}],"about":[{"href":"https:\/\/servipconline.com\/fr\/wp-json\/wp\/v2\/types\/product"}],"replies":[{"embeddable":true,"href":"https:\/\/servipconline.com\/fr\/wp-json\/wp\/v2\/comments?post=6344"}],"wp:featuredmedia":[{"embeddable":true,"href":"https:\/\/servipconline.com\/fr\/wp-json\/wp\/v2\/media\/6181"}],"wp:attachment":[{"href":"https:\/\/servipconline.com\/fr\/wp-json\/wp\/v2\/media?parent=6344"}],"wp:term":[{"taxonomy":"product_brand","embeddable":true,"href":"https:\/\/servipconline.com\/fr\/wp-json\/wp\/v2\/product_brand?post=6344"},{"taxonomy":"product_cat","embeddable":true,"href":"https:\/\/servipconline.com\/fr\/wp-json\/wp\/v2\/product_cat?post=6344"},{"taxonomy":"product_tag","embeddable":true,"href":"https:\/\/servipconline.com\/fr\/wp-json\/wp\/v2\/product_tag?post=6344"}],"curies":[{"name":"wp","href":"https:\/\/api.w.org\/{rel}","templated":true}]}}