{"id":6290,"date":"2024-07-30T03:14:48","date_gmt":"2024-07-30T03:14:48","guid":{"rendered":"https:\/\/servipconline.com\/product\/moniteur-dell-p2422h-24-full-hd-led\/"},"modified":"2024-07-30T03:14:48","modified_gmt":"2024-07-30T03:14:48","slug":"moniteur-dell-p2422h-24-full-hd-led","status":"publish","type":"product","link":"https:\/\/servipconline.com\/fr\/produit\/moniteur-dell-p2422h-24-full-hd-led\/","title":{"rendered":"Moniteur Dell P2422H 24&#8243; Full HD LED"},"content":{"rendered":"<h4 class=\"product_title entry-title\">16:9 &#8211; Noir, argent &#8211; 23,8&#8243; visible &#8211; Technologie IPS (In-plane Switching) &#8211; R\u00e9tro\u00e9clairage WLED &#8211; 1920 x 1080 &#8211; 16,7 millions de couleurs &#8211; 250 Nit typique &#8211; 5 ms &#8211; GTG (Fast) Refresh Rate &#8211; HDMI &#8211; VGA &#8211; DisplayPort &#8211; Hub USB<\/h4>\n<ul id=\"bh-prod-high\">\n<li class=\"\">Panneau de commutation dans le plan (IPS)<\/li>\n<li class=\"\">HDMI 1.4 | DisplayPort 1.2 | VGA<\/li>\n<li class=\"\">R\u00e9solution Full HD 1920 x 1080<\/li>\n<li class=\"\">Rapport de contraste 1000:1<\/li>\n<li class=\"\">250 cd\/m\\u00b2 de luminosit\u00e9<\/li>\n<li class=\"\">178u00b0\/178\\u00b0 Angles de vue<\/li>\n<li class=\"\">5 ms Temps de r\u00e9ponse rapide de gris \u00e0 gris<\/li>\n<li class=\"\">16,7 millions de couleurs<\/li>\n<li class=\"\">60 Hz Taux de rafra\u00eechissement<\/li>\n<li class=\"\">Concentrateur USB de type A \u00e0 4 ports<\/li>\n<\/ul>\n<h4><\/h4>\n","protected":false},"excerpt":{"rendered":"<p>16:9 &#8211; Noir, argent &#8211; 23,8&#8243; visible &#8211; Technologie IPS (In-plane Switching) &#8211; R\u00e9tro\u00e9clairage WLED &#8211; 1920 x 1080 &#8211; 16,7 millions de couleurs &#8211; 250 Nit typique &#8211; 5 ms &#8211; GTG (Fast) Refresh Rate &#8211; HDMI &#8211; VGA &#8211; DisplayPort &#8211; Hub USB Panneau de commutation dans le plan (IPS) HDMI 1.4 | DisplayPort 1.2 | VGA R\u00e9solution Full HD 1920 x 1080 Rapport de contraste 1000:1 250 cd\/m\\u00b2 de luminosit\u00e9 178u00b0\/178\\u00b0 Angles de vue 5 ms Temps de r\u00e9ponse rapide de gris \u00e0 gris 16,7 millions de couleurs 60 Hz Taux de rafra\u00eechissement Concentrateur USB de type A \u00e0 4 ports<\/p>\n","protected":false},"featured_media":6201,"comment_status":"open","ping_status":"closed","template":"","meta":{"nf_dc_page":"","om_disable_all_campaigns":false},"product_brand":[],"product_cat":[172],"product_tag":[],"class_list":{"0":"post-6290","1":"product","2":"type-product","3":"status-publish","4":"has-post-thumbnail","6":"product_cat-moniteurs","8":"first","9":"instock","10":"taxable","11":"shipping-taxable","12":"purchasable","13":"product-type-simple","14":"add-to-wishlist-after_add_to_cart"},"jetpack_sharing_enabled":true,"_links":{"self":[{"href":"https:\/\/servipconline.com\/fr\/wp-json\/wp\/v2\/product\/6290","targetHints":{"allow":["GET"]}}],"collection":[{"href":"https:\/\/servipconline.com\/fr\/wp-json\/wp\/v2\/product"}],"about":[{"href":"https:\/\/servipconline.com\/fr\/wp-json\/wp\/v2\/types\/product"}],"replies":[{"embeddable":true,"href":"https:\/\/servipconline.com\/fr\/wp-json\/wp\/v2\/comments?post=6290"}],"wp:featuredmedia":[{"embeddable":true,"href":"https:\/\/servipconline.com\/fr\/wp-json\/wp\/v2\/media\/6201"}],"wp:attachment":[{"href":"https:\/\/servipconline.com\/fr\/wp-json\/wp\/v2\/media?parent=6290"}],"wp:term":[{"taxonomy":"product_brand","embeddable":true,"href":"https:\/\/servipconline.com\/fr\/wp-json\/wp\/v2\/product_brand?post=6290"},{"taxonomy":"product_cat","embeddable":true,"href":"https:\/\/servipconline.com\/fr\/wp-json\/wp\/v2\/product_cat?post=6290"},{"taxonomy":"product_tag","embeddable":true,"href":"https:\/\/servipconline.com\/fr\/wp-json\/wp\/v2\/product_tag?post=6290"}],"curies":[{"name":"wp","href":"https:\/\/api.w.org\/{rel}","templated":true}]}}