{"id":6284,"date":"2024-07-30T03:17:33","date_gmt":"2024-07-30T03:17:33","guid":{"rendered":"https:\/\/servipconline.com\/product\/moniteur-lg-ultragear-27gn800-b-27-classe-wqhd-gaming-lcd\/"},"modified":"2024-08-01T23:16:35","modified_gmt":"2024-08-01T23:16:35","slug":"moniteur-lg-ultragear-27gn800-b-27-classe-wqhd-gaming-lcd","status":"publish","type":"product","link":"https:\/\/servipconline.com\/fr\/produit\/moniteur-lg-ultragear-27gn800-b-27-classe-wqhd-gaming-lcd\/","title":{"rendered":"Moniteur LG UltraGear 27GN800-B 27&#8243; Classe WQHD Gaming LCD"},"content":{"rendered":"<h4 class=\"product_title entry-title\">16:9 &#8211; 27&#8243; visible &#8211; Technologie IPS (In-plane Switching) &#8211; 2560 x 1440 &#8211; 1,07 milliard de couleurs &#8211; FreeSync Premium &#8211; 350 Nit &#8211; 1 ms &#8211; GTG (Fast) Refresh Rate &#8211; HDMI &#8211; DisplayPort<\/h4>\n<ul id=\"bh-prod-high\">\n<li class=\"\">Panneau 27&#8243; \u00e0 commutation dans le plan (IPS)<\/li>\n<li class=\"\">Entr\u00e9es HDMI + DisplayPort<\/li>\n<li class=\"\">2560 x 1440 R\u00e9solution QHD @ 144 Hz<\/li>\n<li class=\"\">1000:1 Rapport de contraste statique<\/li>\n<li class=\"\">350 cd\/m\u00b2 Luminosit\u00e9<\/li>\n<li class=\"\">178\u00b0\/178\u00b0 Angles de vue<\/li>\n<li class=\"\">1 ms Temps de r\u00e9ponse (GtG)<\/li>\n<li class=\"\">1,07 milliard de couleurs avec HDR<\/li>\n<li class=\"\">AMD FreeSync Premium et NVIDIA G-Sync<\/li>\n<li class=\"\">Design de la lunette mince<\/li>\n<\/ul>\n<h4><\/h4>\n","protected":false},"excerpt":{"rendered":"<p>16:9 &#8211; 27&#8243; visible &#8211; Technologie IPS (In-plane Switching) &#8211; 2560 x 1440 &#8211; 1,07 milliard de couleurs &#8211; FreeSync Premium &#8211; 350 Nit &#8211; 1 ms &#8211; GTG (Fast) Refresh Rate &#8211; HDMI &#8211; DisplayPort Panneau 27&#8243; \u00e0 commutation dans le plan (IPS) Entr\u00e9es HDMI + DisplayPort 2560 x 1440 R\u00e9solution QHD @ 144 Hz 1000:1 Rapport de contraste statique 350 cd\/m\u00b2 Luminosit\u00e9 178\u00b0\/178\u00b0 Angles de vue 1 ms Temps de r\u00e9ponse (GtG) 1,07 milliard de couleurs avec HDR AMD FreeSync Premium et NVIDIA G-Sync Design de la lunette mince<\/p>\n","protected":false},"featured_media":6202,"comment_status":"open","ping_status":"closed","template":"","meta":{"nf_dc_page":"","om_disable_all_campaigns":false},"product_brand":[],"product_cat":[172],"product_tag":[],"class_list":{"0":"post-6284","1":"product","2":"type-product","3":"status-publish","4":"has-post-thumbnail","6":"product_cat-moniteurs","8":"first","9":"instock","10":"taxable","11":"shipping-taxable","12":"purchasable","13":"product-type-simple","14":"add-to-wishlist-after_add_to_cart"},"jetpack_sharing_enabled":true,"_links":{"self":[{"href":"https:\/\/servipconline.com\/fr\/wp-json\/wp\/v2\/product\/6284","targetHints":{"allow":["GET"]}}],"collection":[{"href":"https:\/\/servipconline.com\/fr\/wp-json\/wp\/v2\/product"}],"about":[{"href":"https:\/\/servipconline.com\/fr\/wp-json\/wp\/v2\/types\/product"}],"replies":[{"embeddable":true,"href":"https:\/\/servipconline.com\/fr\/wp-json\/wp\/v2\/comments?post=6284"}],"wp:featuredmedia":[{"embeddable":true,"href":"https:\/\/servipconline.com\/fr\/wp-json\/wp\/v2\/media\/6202"}],"wp:attachment":[{"href":"https:\/\/servipconline.com\/fr\/wp-json\/wp\/v2\/media?parent=6284"}],"wp:term":[{"taxonomy":"product_brand","embeddable":true,"href":"https:\/\/servipconline.com\/fr\/wp-json\/wp\/v2\/product_brand?post=6284"},{"taxonomy":"product_cat","embeddable":true,"href":"https:\/\/servipconline.com\/fr\/wp-json\/wp\/v2\/product_cat?post=6284"},{"taxonomy":"product_tag","embeddable":true,"href":"https:\/\/servipconline.com\/fr\/wp-json\/wp\/v2\/product_tag?post=6284"}],"curies":[{"name":"wp","href":"https:\/\/api.w.org\/{rel}","templated":true}]}}