{"id":6237,"date":"2023-04-19T16:51:34","date_gmt":"2023-04-19T16:51:34","guid":{"rendered":"https:\/\/servipconline.com\/a-propos-de\/"},"modified":"2024-08-01T23:15:38","modified_gmt":"2024-08-01T23:15:38","slug":"a-propos-de","status":"publish","type":"page","link":"https:\/\/servipconline.com\/fr\/a-propos-de\/","title":{"rendered":"A propos de"},"content":{"rendered":"\t\t<div data-elementor-type=\"wp-page\" data-elementor-id=\"6237\" class=\"elementor elementor-6237 elementor-989\" data-elementor-post-type=\"page\">\n\t\t\t\t<div class=\"elementor-element elementor-element-7ce7e25 e-flex e-con-boxed wpr-particle-no wpr-jarallax-no wpr-parallax-no wpr-sticky-section-no wpr-column-slider-no wpr-equal-height-no e-con e-parent\" data-id=\"7ce7e25\" data-element_type=\"container\" data-e-type=\"container\">\n\t\t\t\t\t<div class=\"e-con-inner\">\n\t\t<div class=\"elementor-element elementor-element-1115ac1 e-con-full e-flex wpr-particle-no wpr-jarallax-no wpr-parallax-no wpr-sticky-section-no wpr-column-slider-no wpr-equal-height-no e-con e-child\" data-id=\"1115ac1\" data-element_type=\"container\" data-e-type=\"container\">\n\t\t\t\t<div class=\"elementor-element elementor-element-e5ee7fb elementor-widget elementor-widget-image\" data-id=\"e5ee7fb\" data-element_type=\"widget\" data-e-type=\"widget\" data-widget_type=\"image.default\">\n\t\t\t\t<div class=\"elementor-widget-container\">\n\t\t\t\t\t\t\t\t\t\t\t\t\t\t\t<img fetchpriority=\"high\" decoding=\"async\" width=\"1232\" height=\"928\" src=\"https:\/\/i0.wp.com\/servipconline.com\/wp-content\/uploads\/2024\/06\/eugenia6873_clean_and_tidy_computer_hardware_shop_full_of_light_437eb2a3-e754-49a5-92c3-719a226f75b0.webp?fit=1232%2C928&amp;ssl=1\" class=\"attachment-full size-full wp-image-6146\" alt=\"\" srcset=\"https:\/\/i0.wp.com\/servipconline.com\/wp-content\/uploads\/2024\/06\/eugenia6873_clean_and_tidy_computer_hardware_shop_full_of_light_437eb2a3-e754-49a5-92c3-719a226f75b0.webp?w=1232&amp;ssl=1 1232w, https:\/\/i0.wp.com\/servipconline.com\/wp-content\/uploads\/2024\/06\/eugenia6873_clean_and_tidy_computer_hardware_shop_full_of_light_437eb2a3-e754-49a5-92c3-719a226f75b0.webp?resize=300%2C226&amp;ssl=1 300w, https:\/\/i0.wp.com\/servipconline.com\/wp-content\/uploads\/2024\/06\/eugenia6873_clean_and_tidy_computer_hardware_shop_full_of_light_437eb2a3-e754-49a5-92c3-719a226f75b0.webp?resize=1024%2C771&amp;ssl=1 1024w, https:\/\/i0.wp.com\/servipconline.com\/wp-content\/uploads\/2024\/06\/eugenia6873_clean_and_tidy_computer_hardware_shop_full_of_light_437eb2a3-e754-49a5-92c3-719a226f75b0.webp?resize=768%2C578&amp;ssl=1 768w, https:\/\/i0.wp.com\/servipconline.com\/wp-content\/uploads\/2024\/06\/eugenia6873_clean_and_tidy_computer_hardware_shop_full_of_light_437eb2a3-e754-49a5-92c3-719a226f75b0.webp?resize=600%2C452&amp;ssl=1 600w\" sizes=\"(max-width: 1170px) 100vw, 1170px\" \/>\t\t\t\t\t\t\t\t\t\t\t\t\t\t\t<\/div>\n\t\t\t\t<\/div>\n\t\t\t\t<\/div>\n\t\t<div class=\"elementor-element elementor-element-2c71f6e e-con-full e-flex wpr-particle-no wpr-jarallax-no wpr-parallax-no wpr-sticky-section-no wpr-column-slider-no wpr-equal-height-no e-con e-child\" data-id=\"2c71f6e\" data-element_type=\"container\" data-e-type=\"container\">\n\t\t\t\t<div class=\"elementor-element elementor-element-978bc79 elementor-widget elementor-widget-heading\" data-id=\"978bc79\" data-element_type=\"widget\" data-e-type=\"widget\" data-widget_type=\"heading.default\">\n\t\t\t\t<div class=\"elementor-widget-container\">\n\t\t\t\t\t<h2 class=\"elementor-heading-title elementor-size-default\">Des solutions authentiques.\nDes r\u00e9sultats tangibles. <\/h2>\t\t\t\t<\/div>\n\t\t\t\t<\/div>\n\t\t\t\t<div class=\"elementor-element elementor-element-42bd132 elementor-widget elementor-widget-text-editor\" data-id=\"42bd132\" data-element_type=\"widget\" data-e-type=\"widget\" data-widget_type=\"text-editor.default\">\n\t\t\t\t<div class=\"elementor-widget-container\">\n\t\t\t\t\t\t\t\t\t<\/p>\n<p>Nous combinons une touche personnelle avec le pouvoir de faire une grande diff\u00e9rence.<br \/>\nNos services informatiques complets, ax\u00e9s sur l&#8217;humain, sont con\u00e7us pour gagner votre confiance gr\u00e2ce \u00e0 une \u00e9coute attentive, une assistance d\u00e9vou\u00e9e et des r\u00e9sultats probants dans le cadre des efforts de modernisation de votre entreprise. <\/p>\n<\/p>\n<p>Nous fournissons des services informatiques de pointe qui transforment la fa\u00e7on dont les organisations int\u00e8grent la technologie, en offrant des informations exploitables en temps r\u00e9el.<br \/>\nD\u00e9couvrez-nous l\u00e0 o\u00f9 le sens des affaires, la vision strat\u00e9gique, les personnes et la technologie s&#8217;entrecroisent.<br \/>\nFaites l&#8217;exp\u00e9rience de l&#8217;informatique red\u00e9finie.  <\/p>\n\t\t\t\t\t\t\t\t<\/div>\n\t\t\t\t<\/div>\n\t\t\t\t<\/div>\n\t\t\t\t\t<\/div>\n\t\t\t\t<\/div>\n\t\t<div class=\"elementor-element elementor-element-dbe3838 e-flex e-con-boxed wpr-particle-no wpr-jarallax-no wpr-parallax-no wpr-sticky-section-no wpr-column-slider-no wpr-equal-height-no e-con e-parent\" data-id=\"dbe3838\" data-element_type=\"container\" data-e-type=\"container\">\n\t\t\t\t\t<div class=\"e-con-inner\">\n\t\t\t\t<div class=\"elementor-element elementor-element-df80006 elementor-widget elementor-widget-text-editor\" data-id=\"df80006\" data-element_type=\"widget\" data-e-type=\"widget\" data-widget_type=\"text-editor.default\">\n\t\t\t\t<div class=\"elementor-widget-container\">\n\t\t\t\t\t\t\t\t\t<p>Forte de <strong>40 ans d&#8217;exp\u00e9rience<\/strong> dans le secteur, notre entreprise a une longue histoire d&#8217;excellence et d&#8217;innovation.<br \/>\nAu fil des d\u00e9cennies, nous avons constamment \u00e9volu\u00e9 pour r\u00e9pondre aux besoins changeants de nos clients, en veillant \u00e0 fournir les solutions informatiques les plus efficaces et les plus r\u00e9centes.   <\/p>\n\t\t\t\t\t\t\t\t<\/div>\n\t\t\t\t<\/div>\n\t\t\t\t\t<\/div>\n\t\t\t\t<\/div>\n\t\t\t\t<\/div>\n\t\t","protected":false},"excerpt":{"rendered":"<p>Des solutions authentiques. Des r\u00e9sultats tangibles. Nous combinons une touche personnelle avec le pouvoir de faire une grande diff\u00e9rence. Nos services informatiques complets, ax\u00e9s sur l&#8217;humain, sont con\u00e7us pour gagner votre confiance gr\u00e2ce \u00e0 une \u00e9coute attentive, une assistance d\u00e9vou\u00e9e et des r\u00e9sultats probants dans le cadre des efforts de modernisation de votre entreprise. Nous fournissons des services informatiques de pointe qui transforment la fa\u00e7on dont les organisations int\u00e8grent la technologie, en offrant des informations exploitables en temps r\u00e9el. D\u00e9couvrez-nous l\u00e0 o\u00f9 le sens des affaires, la vision strat\u00e9gique, les personnes et la technologie s&#8217;entrecroisent. Faites l&#8217;exp\u00e9rience de l&#8217;informatique red\u00e9finie. Forte de 40 ans d&#8217;exp\u00e9rience dans le secteur, notre entreprise a une longue histoire d&#8217;excellence et d&#8217;innovation. Au fil des d\u00e9cennies, nous avons constamment \u00e9volu\u00e9 pour r\u00e9pondre aux besoins changeants de nos clients, en veillant \u00e0 fournir les solutions informatiques les plus efficaces et les plus r\u00e9centes.<\/p>\n","protected":false},"author":2,"featured_media":0,"parent":0,"menu_order":0,"comment_status":"closed","ping_status":"closed","template":"","meta":{"nf_dc_page":"","om_disable_all_campaigns":false,"footnotes":""},"class_list":["post-6237","page","type-page","status-publish","hentry"],"jetpack_sharing_enabled":true,"_links":{"self":[{"href":"https:\/\/servipconline.com\/fr\/wp-json\/wp\/v2\/pages\/6237","targetHints":{"allow":["GET"]}}],"collection":[{"href":"https:\/\/servipconline.com\/fr\/wp-json\/wp\/v2\/pages"}],"about":[{"href":"https:\/\/servipconline.com\/fr\/wp-json\/wp\/v2\/types\/page"}],"author":[{"embeddable":true,"href":"https:\/\/servipconline.com\/fr\/wp-json\/wp\/v2\/users\/2"}],"replies":[{"embeddable":true,"href":"https:\/\/servipconline.com\/fr\/wp-json\/wp\/v2\/comments?post=6237"}],"version-history":[{"count":0,"href":"https:\/\/servipconline.com\/fr\/wp-json\/wp\/v2\/pages\/6237\/revisions"}],"wp:attachment":[{"href":"https:\/\/servipconline.com\/fr\/wp-json\/wp\/v2\/media?parent=6237"}],"curies":[{"name":"wp","href":"https:\/\/api.w.org\/{rel}","templated":true}]}}