{"id":6227,"date":"2023-04-21T21:05:09","date_gmt":"2023-04-21T21:05:09","guid":{"rendered":"https:\/\/servipconline.com\/lequipe\/"},"modified":"2024-08-01T23:15:33","modified_gmt":"2024-08-01T23:15:33","slug":"lequipe","status":"publish","type":"page","link":"https:\/\/servipconline.com\/fr\/lequipe\/","title":{"rendered":"L&rsquo;\u00e9quipe"},"content":{"rendered":"\t\t<div data-elementor-type=\"wp-page\" data-elementor-id=\"6227\" class=\"elementor elementor-6227 elementor-1454\" data-elementor-post-type=\"page\">\n\t\t\t\t\t\t<section class=\"elementor-section elementor-top-section elementor-element elementor-element-16990e9 elementor-section-boxed elementor-section-height-default elementor-section-height-default wpr-particle-no wpr-jarallax-no wpr-parallax-no wpr-sticky-section-no wpr-column-slider-no wpr-equal-height-no\" data-id=\"16990e9\" data-element_type=\"section\" data-e-type=\"section\">\n\t\t\t\t\t\t<div class=\"elementor-container elementor-column-gap-default\">\n\t\t\t\t\t<div class=\"elementor-column elementor-col-100 elementor-top-column elementor-element elementor-element-aeced34\" data-id=\"aeced34\" data-element_type=\"column\" data-e-type=\"column\">\n\t\t\t<div class=\"elementor-widget-wrap elementor-element-populated\">\n\t\t\t\t\t\t<section class=\"elementor-section elementor-inner-section elementor-element elementor-element-753087a elementor-section-boxed elementor-section-height-default elementor-section-height-default wpr-particle-no wpr-jarallax-no wpr-parallax-no wpr-sticky-section-no wpr-column-slider-no wpr-equal-height-no\" data-id=\"753087a\" data-element_type=\"section\" data-e-type=\"section\">\n\t\t\t\t\t\t<div class=\"elementor-container elementor-column-gap-default\">\n\t\t\t\t\t<div class=\"elementor-column elementor-col-100 elementor-inner-column elementor-element elementor-element-1a6f65d\" data-id=\"1a6f65d\" data-element_type=\"column\" data-e-type=\"column\">\n\t\t\t<div class=\"elementor-widget-wrap elementor-element-populated\">\n\t\t\t\t\t\t<div class=\"elementor-element elementor-element-765f6ce elementor-widget elementor-widget-tech-life-heading\" data-id=\"765f6ce\" data-element_type=\"widget\" data-e-type=\"widget\" data-widget_type=\"tech-life-heading.default\">\n\t\t\t\t<div class=\"elementor-widget-container\">\n\t\t\t\t\t<div class=\"stronghold-heading\"><div class=\"heading-subtitle\"><span class=\"heading-subtitle-span heading-subtitle\">Our Team<\/span><\/div><div class=\"heading-title\"><h3 class=\"heading-title-element\">Meet Our Leadership Team\n<\/h3><span class=\"heading-separator\"><\/span><\/div><\/div>\t\t\t\t<\/div>\n\t\t\t\t<\/div>\n\t\t\t\t\t<\/div>\n\t\t<\/div>\n\t\t\t\t\t<\/div>\n\t\t<\/section>\n\t\t\t\t<section class=\"elementor-section elementor-inner-section elementor-element elementor-element-feb75d8 elementor-section-boxed elementor-section-height-default elementor-section-height-default wpr-particle-no wpr-jarallax-no wpr-parallax-no wpr-sticky-section-no wpr-column-slider-no wpr-equal-height-no\" data-id=\"feb75d8\" data-element_type=\"section\" data-e-type=\"section\">\n\t\t\t\t\t\t<div class=\"elementor-container elementor-column-gap-default\">\n\t\t\t\t\t<div class=\"elementor-column elementor-col-16 elementor-inner-column elementor-element elementor-element-99e4413\" data-id=\"99e4413\" data-element_type=\"column\" data-e-type=\"column\">\n\t\t\t<div class=\"elementor-widget-wrap\">\n\t\t\t\t\t\t\t<\/div>\n\t\t<\/div>\n\t\t\t\t<div class=\"elementor-column elementor-col-66 elementor-inner-column elementor-element elementor-element-a7374aa\" data-id=\"a7374aa\" data-element_type=\"column\" data-e-type=\"column\">\n\t\t\t<div class=\"elementor-widget-wrap elementor-element-populated\">\n\t\t\t\t\t\t<div class=\"elementor-element elementor-element-ee17287 elementor-widget elementor-widget-text-editor\" data-id=\"ee17287\" data-element_type=\"widget\" data-e-type=\"widget\" data-widget_type=\"text-editor.default\">\n\t\t\t\t<div class=\"elementor-widget-container\">\n\t\t\t\t\t\t\t\t\t<p>Lorem ipsum dolor sit amet, consectetur adipiscing elit. Ut elit tellus, luctus nec ullamcorper mattis, pulvinar dapibus leo.<\/p>\t\t\t\t\t\t\t\t<\/div>\n\t\t\t\t<\/div>\n\t\t\t\t\t<\/div>\n\t\t<\/div>\n\t\t\t\t<div class=\"elementor-column elementor-col-16 elementor-inner-column elementor-element elementor-element-3f95492\" data-id=\"3f95492\" data-element_type=\"column\" data-e-type=\"column\">\n\t\t\t<div class=\"elementor-widget-wrap\">\n\t\t\t\t\t\t\t<\/div>\n\t\t<\/div>\n\t\t\t\t\t<\/div>\n\t\t<\/section>\n\t\t\t\t<section class=\"elementor-section elementor-inner-section elementor-element elementor-element-eae972b elementor-section-boxed elementor-section-height-default elementor-section-height-default wpr-particle-no wpr-jarallax-no wpr-parallax-no wpr-sticky-section-no wpr-column-slider-no wpr-equal-height-no\" data-id=\"eae972b\" data-element_type=\"section\" data-e-type=\"section\">\n\t\t\t\t\t\t<div class=\"elementor-container elementor-column-gap-default\">\n\t\t\t\t\t<div class=\"elementor-column elementor-col-100 elementor-inner-column elementor-element elementor-element-8d5f51f\" data-id=\"8d5f51f\" data-element_type=\"column\" data-e-type=\"column\">\n\t\t\t<div class=\"elementor-widget-wrap elementor-element-populated\">\n\t\t\t\t\t\t<div class=\"elementor-element elementor-element-aeec463 elementor-invisible elementor-widget elementor-widget-tech-life-team\" data-id=\"aeec463\" data-element_type=\"widget\" data-e-type=\"widget\" data-settings=\"{&quot;_animation&quot;:&quot;fadeIn&quot;}\" data-widget_type=\"tech-life-team.default\">\n\t\t\t\t<div class=\"elementor-widget-container\">\n\t\t\t\t\t<div class=\"stronghold-team-wrapper\"><div class=\"row\"><div class=\"col-md-3 team-member-block-item team-grid-item\"><div class=\"team-member-block\"><div class=\"team-member-block-img\"><img fetchpriority=\"high\" decoding=\"async\" src=\"https:\/\/i0.wp.com\/servipconline.com\/wp-content\/uploads\/2016\/05\/dummy1.webp?resize=370%2C260&#038;ssl=1\" alt=\"Team Member Image\" width=\"370\" height=\"260\"><\/div><\/div><div class=\"team-member-main-detail\"><h5 class=\"team-member-main-name\">Kristi Fields<\/h5> <h6 class=\"team-member-main-pos\">Service client\u00e8le<\/h6><div class=\"team-member-main-bio\"><p>Kristi Fields, avec son sourire chaleureux, son comportement amical et ses connaissances approfondies de tout ce qui touche \u00e0 la technologie, est l'une des meilleures en mati\u00e8re de relations avec la client\u00e8le.<\/p><\/div><div class=\"team-member-block-social\"><\/div><\/div><\/div><div class=\"col-md-3 team-member-block-item team-grid-item\"><div class=\"team-member-block\"><div class=\"team-member-block-img\"><img fetchpriority=\"high\" decoding=\"async\" src=\"https:\/\/i0.wp.com\/servipconline.com\/wp-content\/uploads\/2016\/05\/dummy1.webp?resize=370%2C260&#038;ssl=1\" alt=\"Team Member Image\" width=\"370\" height=\"260\"><\/div><\/div><div class=\"team-member-main-detail\"><h5 class=\"team-member-main-name\">Gary Maxwell<\/h5> <h6 class=\"team-member-main-pos\">Technicien de r\u00e9paration<\/h6><div class=\"team-member-main-bio\"><p>Gary Maxwell est dipl\u00f4m\u00e9 en g\u00e9nie \u00e9lectrique et en micro\u00e9lectronique de l'universit\u00e9 Electrotec.\nGr\u00e2ce \u00e0 ses connaissances techniques approfondies, aucun travail de r\u00e9paration n'est trop grand ou trop petit. <\/p><\/div><div class=\"team-member-block-social\"><\/div><\/div><\/div><div class=\"col-md-3 team-member-block-item team-grid-item\"><div class=\"team-member-block\"><div class=\"team-member-block-img\"><img fetchpriority=\"high\" decoding=\"async\" src=\"https:\/\/i0.wp.com\/servipconline.com\/wp-content\/uploads\/2016\/05\/dummy1.webp?resize=370%2C260&#038;ssl=1\" alt=\"Team Member Image\" width=\"370\" height=\"260\"><\/div><\/div><div class=\"team-member-main-detail\"><h5 class=\"team-member-main-name\">Mark Willis<\/h5> <h6 class=\"team-member-main-pos\">Technicien de r\u00e9paration  <\/h6><div class=\"team-member-main-bio\"><p>Mark Willis est dipl\u00f4m\u00e9 en g\u00e9nie \u00e9lectrique et en micro\u00e9lectronique de l'universit\u00e9 Electrotec.\nGr\u00e2ce \u00e0 ses connaissances techniques approfondies, aucun travail de r\u00e9paration n'est trop grand ou trop petit. <\/p><\/div><div class=\"team-member-block-social\"><\/div><\/div><\/div><div class=\"col-md-3 team-member-block-item team-grid-item\"><div class=\"team-member-block\"><div class=\"team-member-block-img\"><img fetchpriority=\"high\" decoding=\"async\" src=\"https:\/\/i0.wp.com\/servipconline.com\/wp-content\/uploads\/2016\/05\/dummy1.webp?resize=370%2C260&#038;ssl=1\" alt=\"Team Member Image\" width=\"370\" height=\"260\"><\/div><\/div><div class=\"team-member-main-detail\"><h5 class=\"team-member-main-name\">Bill Graham<\/h5> <h6 class=\"team-member-main-pos\">PDG\/Fondateur<\/h6><div class=\"team-member-main-bio\"><p>Bill Graham a fond\u00e9 Tech Life apr\u00e8s avoir obtenu son dipl\u00f4me universitaire.\nSa formation en gestion et son r\u00f4le de PDG ont permis \u00e0 Tech Life de devenir l'une des entreprises les plus fiables sur le march\u00e9 de la r\u00e9paration \u00e9lectronique. <\/p><\/div><div class=\"team-member-block-social\"><\/div><\/div><\/div><\/div> <\/div> \t\t\t\t<\/div>\n\t\t\t\t<\/div>\n\t\t\t\t\t<\/div>\n\t\t<\/div>\n\t\t\t\t\t<\/div>\n\t\t<\/section>\n\t\t\t\t\t<\/div>\n\t\t<\/div>\n\t\t\t\t\t<\/div>\n\t\t<\/section>\n\t\t\t\t<section class=\"elementor-section elementor-top-section elementor-element elementor-element-20fcfafa elementor-section-boxed elementor-section-height-default elementor-section-height-default wpr-particle-no wpr-jarallax-no wpr-parallax-no wpr-sticky-section-no wpr-column-slider-no wpr-equal-height-no\" data-id=\"20fcfafa\" data-element_type=\"section\" data-e-type=\"section\" data-settings=\"{&quot;background_background&quot;:&quot;classic&quot;}\">\n\t\t\t\t\t\t<div class=\"elementor-container elementor-column-gap-default\">\n\t\t\t\t\t<div class=\"elementor-column elementor-col-100 elementor-top-column elementor-element elementor-element-11460eb0\" data-id=\"11460eb0\" data-element_type=\"column\" data-e-type=\"column\">\n\t\t\t<div class=\"elementor-widget-wrap elementor-element-populated\">\n\t\t\t\t\t\t<section class=\"elementor-section elementor-inner-section elementor-element elementor-element-315ccd6c elementor-section-boxed elementor-section-height-default elementor-section-height-default wpr-particle-no wpr-jarallax-no wpr-parallax-no wpr-sticky-section-no wpr-column-slider-no wpr-equal-height-no\" data-id=\"315ccd6c\" data-element_type=\"section\" data-e-type=\"section\">\n\t\t\t\t\t\t<div class=\"elementor-container elementor-column-gap-default\">\n\t\t\t\t\t<div class=\"elementor-column elementor-col-100 elementor-inner-column elementor-element elementor-element-6590321b\" data-id=\"6590321b\" data-element_type=\"column\" data-e-type=\"column\">\n\t\t\t<div class=\"elementor-widget-wrap elementor-element-populated\">\n\t\t\t\t\t\t<div class=\"elementor-element elementor-element-7241f8cf elementor-widget elementor-widget-tech-life-heading\" data-id=\"7241f8cf\" data-element_type=\"widget\" data-e-type=\"widget\" data-widget_type=\"tech-life-heading.default\">\n\t\t\t\t<div class=\"elementor-widget-container\">\n\t\t\t\t\t<div class=\"stronghold-heading\"><div class=\"heading-subtitle\"><span class=\"heading-subtitle-span heading-subtitle\">Testimonials<\/span><\/div><div class=\"heading-title\"><h3 class=\"heading-title-element\">What our clients say<\/h3><span class=\"heading-separator\"><\/span><\/div><\/div>\t\t\t\t<\/div>\n\t\t\t\t<\/div>\n\t\t\t\t\t<\/div>\n\t\t<\/div>\n\t\t\t\t\t<\/div>\n\t\t<\/section>\n\t\t\t\t<section class=\"elementor-section elementor-inner-section elementor-element elementor-element-4f5d4956 elementor-section-boxed elementor-section-height-default elementor-section-height-default wpr-particle-no wpr-jarallax-no wpr-parallax-no wpr-sticky-section-no wpr-column-slider-no wpr-equal-height-no\" data-id=\"4f5d4956\" data-element_type=\"section\" data-e-type=\"section\">\n\t\t\t\t\t\t<div class=\"elementor-container elementor-column-gap-default\">\n\t\t\t\t\t<div class=\"elementor-column elementor-col-16 elementor-inner-column elementor-element elementor-element-bd667b9 elementor-hidden-tablet elementor-hidden-mobile\" data-id=\"bd667b9\" data-element_type=\"column\" data-e-type=\"column\">\n\t\t\t<div class=\"elementor-widget-wrap\">\n\t\t\t\t\t\t\t<\/div>\n\t\t<\/div>\n\t\t\t\t<div class=\"elementor-column elementor-col-66 elementor-inner-column elementor-element elementor-element-4d2d133\" data-id=\"4d2d133\" data-element_type=\"column\" data-e-type=\"column\">\n\t\t\t<div class=\"elementor-widget-wrap elementor-element-populated\">\n\t\t\t\t\t\t<div class=\"elementor-element elementor-element-1fb8fd39 elementor-widget elementor-widget-text-editor\" data-id=\"1fb8fd39\" data-element_type=\"widget\" data-e-type=\"widget\" data-widget_type=\"text-editor.default\">\n\t\t\t\t<div class=\"elementor-widget-container\">\n\t\t\t\t\t\t\t\t\t<p>Nous sommes fiers de notre travail et nous nous effor\u00e7ons de garantir votre satisfaction. Lorem ipsum dolor sit amet, consectetuer adipiscing elit. Aenean commodo ligula eget dolor. Aenean massa.<\/p>\n\t\t\t\t\t\t\t\t<\/div>\n\t\t\t\t<\/div>\n\t\t\t\t\t<\/div>\n\t\t<\/div>\n\t\t\t\t<div class=\"elementor-column elementor-col-16 elementor-inner-column elementor-element elementor-element-532d1cdc elementor-hidden-tablet elementor-hidden-mobile\" data-id=\"532d1cdc\" data-element_type=\"column\" data-e-type=\"column\">\n\t\t\t<div class=\"elementor-widget-wrap\">\n\t\t\t\t\t\t\t<\/div>\n\t\t<\/div>\n\t\t\t\t\t<\/div>\n\t\t<\/section>\n\t\t\t\t<section class=\"elementor-section elementor-inner-section elementor-element elementor-element-57b6bcaa elementor-section-boxed elementor-section-height-default elementor-section-height-default wpr-particle-no wpr-jarallax-no wpr-parallax-no wpr-sticky-section-no wpr-column-slider-no wpr-equal-height-no\" data-id=\"57b6bcaa\" data-element_type=\"section\" data-e-type=\"section\">\n\t\t\t\t\t\t<div class=\"elementor-container elementor-column-gap-default\">\n\t\t\t\t\t<div class=\"elementor-column elementor-col-100 elementor-inner-column elementor-element elementor-element-49b3101b\" data-id=\"49b3101b\" data-element_type=\"column\" data-e-type=\"column\">\n\t\t\t<div class=\"elementor-widget-wrap elementor-element-populated\">\n\t\t\t\t\t\t<div class=\"elementor-element elementor-element-1b0146c elementor-invisible elementor-widget elementor-widget-tech-life-testimonials\" data-id=\"1b0146c\" data-element_type=\"widget\" data-e-type=\"widget\" data-settings=\"{&quot;_animation&quot;:&quot;fadeIn&quot;}\" data-widget_type=\"tech-life-testimonials.default\">\n\t\t\t\t<div class=\"elementor-widget-container\">\n\t\t\t\t\t<div class=\"stronghold-testimonials-wrapper\"><div id=\"carousel-2056922050\" class=\"stronghold-testimonials testimonial-carousel\" data-speed=\"5000\" data-items=\"3\"><div class=\"stronghold-testimonials-item\"> <div class=\"stronghold-testim-text stronghold-testim-text-element\"><i class=\"fas fa-quote-left\"><\/i>Curabitur arcu erat, accumsan id imperdiet et, porttitor at sem. Nulla quis lorem ut libero malesuada feugiat. Proin eget tortor risus.<span class=\"arr-bottom\"><\/span> <\/div><div class=\"stronghold-author\"><div class=\"stronghold-author-img\"><img decoding=\"async\" width=\"80\" height=\"80\" src=\"https:\/\/i0.wp.com\/servipconline.com\/wp-content\/uploads\/2016\/05\/dummy5.webp?fit=80%2C80&amp;ssl=1\" class=\"attachment-80x80 size-80x80\" alt=\"\" srcset=\"https:\/\/i0.wp.com\/servipconline.com\/wp-content\/uploads\/2016\/05\/dummy5.webp?w=200&amp;ssl=1 200w, https:\/\/i0.wp.com\/servipconline.com\/wp-content\/uploads\/2016\/05\/dummy5.webp?resize=150%2C150&amp;ssl=1 150w, https:\/\/i0.wp.com\/servipconline.com\/wp-content\/uploads\/2016\/05\/dummy5.webp?resize=100%2C100&amp;ssl=1 100w\" sizes=\"(max-width: 80px) 100vw, 80px\" \/><\/div><div class=\"stronghold-author-info\"><div class=\"stronghold-testim-name\">Teresa Morris<\/div> <div class=\"stronghold-testim-position\">Happy Customer<\/div> <div class=\"testimonial-rating\"><i class=\"fas fa-star \"><\/i><i class=\"fas fa-star \"><\/i><i class=\"fas fa-star \"><\/i><i class=\"fas fa-star \"><\/i><i class=\"fas fa-star \"><\/i><\/div><\/div> <\/div> <\/div> <div class=\"stronghold-testimonials-item\"> <div class=\"stronghold-testim-text stronghold-testim-text-element\"><i class=\"fas fa-quote-left\"><\/i>Curabitur arcu erat, accumsan id imperdiet et, porttitor at sem. Nulla quis lorem ut libero malesuada feugiat. Proin eget tortor risus.<span class=\"arr-bottom\"><\/span> <\/div><div class=\"stronghold-author\"><div class=\"stronghold-author-img\"><img decoding=\"async\" width=\"80\" height=\"80\" src=\"https:\/\/i0.wp.com\/servipconline.com\/wp-content\/uploads\/2016\/05\/dummy5.webp?fit=80%2C80&amp;ssl=1\" class=\"attachment-80x80 size-80x80\" alt=\"\" srcset=\"https:\/\/i0.wp.com\/servipconline.com\/wp-content\/uploads\/2016\/05\/dummy5.webp?w=200&amp;ssl=1 200w, https:\/\/i0.wp.com\/servipconline.com\/wp-content\/uploads\/2016\/05\/dummy5.webp?resize=150%2C150&amp;ssl=1 150w, https:\/\/i0.wp.com\/servipconline.com\/wp-content\/uploads\/2016\/05\/dummy5.webp?resize=100%2C100&amp;ssl=1 100w\" sizes=\"(max-width: 80px) 100vw, 80px\" \/><\/div><div class=\"stronghold-author-info\"><div class=\"stronghold-testim-name\">Troy Keller<\/div> <div class=\"stronghold-testim-position\">Happy Customer<\/div> <div class=\"testimonial-rating\"><i class=\"fas fa-star \"><\/i><i class=\"fas fa-star \"><\/i><i class=\"fas fa-star \"><\/i><i class=\"fas fa-star \"><\/i><i class=\"fas fa-star \"><\/i><\/div><\/div> <\/div> <\/div> <div class=\"stronghold-testimonials-item\"> <div class=\"stronghold-testim-text stronghold-testim-text-element\"><i class=\"fas fa-quote-left\"><\/i>Curabitur arcu erat, accumsan id imperdiet et, porttitor at sem. Nulla quis lorem ut libero malesuada feugiat. Proin eget tortor risus.<span class=\"arr-bottom\"><\/span> <\/div><div class=\"stronghold-author\"><div class=\"stronghold-author-img\"><img decoding=\"async\" width=\"80\" height=\"80\" src=\"https:\/\/i0.wp.com\/servipconline.com\/wp-content\/uploads\/2016\/05\/dummy5.webp?fit=80%2C80&amp;ssl=1\" class=\"attachment-80x80 size-80x80\" alt=\"\" srcset=\"https:\/\/i0.wp.com\/servipconline.com\/wp-content\/uploads\/2016\/05\/dummy5.webp?w=200&amp;ssl=1 200w, https:\/\/i0.wp.com\/servipconline.com\/wp-content\/uploads\/2016\/05\/dummy5.webp?resize=150%2C150&amp;ssl=1 150w, https:\/\/i0.wp.com\/servipconline.com\/wp-content\/uploads\/2016\/05\/dummy5.webp?resize=100%2C100&amp;ssl=1 100w\" sizes=\"(max-width: 80px) 100vw, 80px\" \/><\/div><div class=\"stronghold-author-info\"><div class=\"stronghold-testim-name\">Brittany Hawkins<\/div> <div class=\"stronghold-testim-position\">Happy Customer<\/div> <div class=\"testimonial-rating\"><i class=\"fas fa-star \"><\/i><i class=\"fas fa-star \"><\/i><i class=\"fas fa-star \"><\/i><i class=\"fas fa-star \"><\/i><i class=\"fas fa-star \"><\/i><\/div><\/div> <\/div> <\/div> <div class=\"stronghold-testimonials-item\"> <div class=\"stronghold-testim-text stronghold-testim-text-element\"><i class=\"fas fa-quote-left\"><\/i>Curabitur arcu erat, accumsan id imperdiet et, porttitor at sem. Nulla quis lorem ut libero malesuada feugiat. Proin eget tortor risus.<span class=\"arr-bottom\"><\/span> <\/div><div class=\"stronghold-author\"><div class=\"stronghold-author-img\"><img decoding=\"async\" width=\"80\" height=\"80\" src=\"https:\/\/i0.wp.com\/servipconline.com\/wp-content\/uploads\/2016\/05\/dummy5.webp?fit=80%2C80&amp;ssl=1\" class=\"attachment-80x80 size-80x80\" alt=\"\" srcset=\"https:\/\/i0.wp.com\/servipconline.com\/wp-content\/uploads\/2016\/05\/dummy5.webp?w=200&amp;ssl=1 200w, https:\/\/i0.wp.com\/servipconline.com\/wp-content\/uploads\/2016\/05\/dummy5.webp?resize=150%2C150&amp;ssl=1 150w, https:\/\/i0.wp.com\/servipconline.com\/wp-content\/uploads\/2016\/05\/dummy5.webp?resize=100%2C100&amp;ssl=1 100w\" sizes=\"(max-width: 80px) 100vw, 80px\" \/><\/div><div class=\"stronghold-author-info\"><div class=\"stronghold-testim-name\">Brian Richards<\/div> <div class=\"stronghold-testim-position\">Happy Customer<\/div> <div class=\"testimonial-rating\"><i class=\"fas fa-star \"><\/i><i class=\"fas fa-star \"><\/i><i class=\"fas fa-star \"><\/i><i class=\"fas fa-star \"><\/i><i class=\"fas fa-star \"><\/i><\/div><\/div> <\/div> <\/div> <\/div><\/div>\t\t\t\t<\/div>\n\t\t\t\t<\/div>\n\t\t\t\t\t<\/div>\n\t\t<\/div>\n\t\t\t\t\t<\/div>\n\t\t<\/section>\n\t\t\t\t\t<\/div>\n\t\t<\/div>\n\t\t\t\t\t<\/div>\n\t\t<\/section>\n\t\t\t\t<\/div>\n\t\t","protected":false},"excerpt":{"rendered":"<p>Our Team Meet Our Leadership Team Lorem ipsum dolor sit amet, consectetur adipiscing elit. Ut elit tellus, luctus nec ullamcorper mattis, pulvinar dapibus leo. Kristi Fields Customer Service Kristi Fields with her warm smile, friendly demeanor, and in depth knowledge of all things tech, is one of the best in customer relations. Gary Maxwell Repair Technician Gary Maxwell received his degree in electrical engineering and microelectronics from Electrotec University. With his in-depth technical knowledge no repair job is too big or small Mark Willis Repair Technician Mark Willis received his degree in electrical engineering and microelectronics from Electrotec University. With his in-depth technical knowledge no repair job is too big or small. Bill Graham CEO\/Founder Bill Graham founded Tech Life after graduating college. His training in management along with his role as CEO has seen Tech Life grow to be one of the most trusted businesses in the electronics repair market Testimonials What our clients say Nous sommes fiers de notre travail et nous nous effor\u00e7ons de garantir votre satisfaction. Lorem ipsum dolor sit amet, consectetuer adipiscing elit. Aenean commodo ligula eget dolor. Aenean massa. Curabitur arcu erat, accumsan id imperdiet et, porttitor at sem. Nulla quis lorem ut libero malesuada feugiat. Proin eget tortor risus. Teresa Morris Happy Customer Curabitur arcu erat, accumsan id imperdiet et, porttitor at sem. Nulla quis lorem ut libero malesuada feugiat. Proin eget tortor risus. Troy Keller Happy Customer Curabitur arcu erat, accumsan id imperdiet et, porttitor at sem. Nulla quis lorem ut libero malesuada feugiat. Proin eget tortor risus. Brittany Hawkins Happy Customer Curabitur arcu erat, accumsan id imperdiet et, porttitor at sem. Nulla quis lorem ut libero malesuada feugiat. Proin eget tortor risus. Brian Richards Happy Customer<\/p>\n","protected":false},"author":2,"featured_media":0,"parent":0,"menu_order":0,"comment_status":"closed","ping_status":"closed","template":"","meta":{"om_disable_all_campaigns":false,"footnotes":""},"class_list":["post-6227","page","type-page","status-publish","hentry"],"jetpack_sharing_enabled":true,"_links":{"self":[{"href":"https:\/\/servipconline.com\/fr\/wp-json\/wp\/v2\/pages\/6227","targetHints":{"allow":["GET"]}}],"collection":[{"href":"https:\/\/servipconline.com\/fr\/wp-json\/wp\/v2\/pages"}],"about":[{"href":"https:\/\/servipconline.com\/fr\/wp-json\/wp\/v2\/types\/page"}],"author":[{"embeddable":true,"href":"https:\/\/servipconline.com\/fr\/wp-json\/wp\/v2\/users\/2"}],"replies":[{"embeddable":true,"href":"https:\/\/servipconline.com\/fr\/wp-json\/wp\/v2\/comments?post=6227"}],"version-history":[{"count":0,"href":"https:\/\/servipconline.com\/fr\/wp-json\/wp\/v2\/pages\/6227\/revisions"}],"wp:attachment":[{"href":"https:\/\/servipconline.com\/fr\/wp-json\/wp\/v2\/media?parent=6227"}],"curies":[{"name":"wp","href":"https:\/\/api.w.org\/{rel}","templated":true}]}}