{"id":6226,"date":"2023-04-25T23:40:06","date_gmt":"2023-04-25T23:40:06","guid":{"rendered":"https:\/\/servipconline.com\/projets\/"},"modified":"2024-08-01T23:15:32","modified_gmt":"2024-08-01T23:15:32","slug":"projets","status":"publish","type":"page","link":"https:\/\/servipconline.com\/fr\/projets\/","title":{"rendered":"Projets"},"content":{"rendered":"\t\t<div data-elementor-type=\"wp-page\" data-elementor-id=\"6226\" class=\"elementor elementor-6226 elementor-1505\" data-elementor-post-type=\"page\">\n\t\t\t\t\t\t<section class=\"elementor-section elementor-top-section elementor-element elementor-element-9163c76 elementor-section-boxed elementor-section-height-default elementor-section-height-default wpr-particle-no wpr-jarallax-no wpr-parallax-no wpr-sticky-section-no wpr-column-slider-no wpr-equal-height-no\" data-id=\"9163c76\" data-element_type=\"section\" data-e-type=\"section\">\n\t\t\t\t\t\t<div class=\"elementor-container elementor-column-gap-default\">\n\t\t\t\t\t<div class=\"elementor-column elementor-col-100 elementor-top-column elementor-element elementor-element-f666f9c\" data-id=\"f666f9c\" data-element_type=\"column\" data-e-type=\"column\">\n\t\t\t<div class=\"elementor-widget-wrap elementor-element-populated\">\n\t\t\t\t\t\t<div class=\"elementor-element elementor-element-d419cdc elementor-widget elementor-widget-tech-life-heading\" data-id=\"d419cdc\" data-element_type=\"widget\" data-e-type=\"widget\" data-widget_type=\"tech-life-heading.default\">\n\t\t\t\t<div class=\"elementor-widget-container\">\n\t\t\t\t\t<div class=\"stronghold-heading\"><div class=\"heading-subtitle\"><span class=\"heading-subtitle-span heading-subtitle\">Our Work<\/span><\/div><div class=\"heading-title\"><h3 class=\"heading-title-element\">Check Out Our Projects<\/h3><span class=\"heading-separator\"><\/span><\/div><\/div>\t\t\t\t<\/div>\n\t\t\t\t<\/div>\n\t\t\t\t<section class=\"elementor-section elementor-inner-section elementor-element elementor-element-d370943 elementor-section-boxed elementor-section-height-default elementor-section-height-default wpr-particle-no wpr-jarallax-no wpr-parallax-no wpr-sticky-section-no wpr-column-slider-no wpr-equal-height-no\" data-id=\"d370943\" data-element_type=\"section\" data-e-type=\"section\">\n\t\t\t\t\t\t<div class=\"elementor-container elementor-column-gap-default\">\n\t\t\t\t\t<div class=\"elementor-column elementor-col-16 elementor-inner-column elementor-element elementor-element-1304be5 elementor-hidden-tablet elementor-hidden-mobile\" data-id=\"1304be5\" data-element_type=\"column\" data-e-type=\"column\">\n\t\t\t<div class=\"elementor-widget-wrap\">\n\t\t\t\t\t\t\t<\/div>\n\t\t<\/div>\n\t\t\t\t<div class=\"elementor-column elementor-col-66 elementor-inner-column elementor-element elementor-element-47a0621\" data-id=\"47a0621\" data-element_type=\"column\" data-e-type=\"column\">\n\t\t\t<div class=\"elementor-widget-wrap elementor-element-populated\">\n\t\t\t\t\t\t<div class=\"elementor-element elementor-element-4f2efad elementor-widget elementor-widget-text-editor\" data-id=\"4f2efad\" data-element_type=\"widget\" data-e-type=\"widget\" data-widget_type=\"text-editor.default\">\n\t\t\t\t<div class=\"elementor-widget-container\">\n\t\t\t\t\t\t\t\t\tQue votre projet soit grand ou petit, r\u00e9sidentiel ou commercial, nous pouvons vous fournir un projet de qualit\u00e9 dans les d\u00e9lais impartis. Mais rien de ce que disait la copie ne pouvait la convaincre et il n&rsquo;a pas fallu attendre longtemps pour qu&rsquo;elle le fasse.  \t\t\t\t\t\t\t\t<\/div>\n\t\t\t\t<\/div>\n\t\t\t\t\t<\/div>\n\t\t<\/div>\n\t\t\t\t<div class=\"elementor-column elementor-col-16 elementor-inner-column elementor-element elementor-element-b62abeb elementor-hidden-tablet elementor-hidden-mobile\" data-id=\"b62abeb\" data-element_type=\"column\" data-e-type=\"column\">\n\t\t\t<div class=\"elementor-widget-wrap\">\n\t\t\t\t\t\t\t<\/div>\n\t\t<\/div>\n\t\t\t\t\t<\/div>\n\t\t<\/section>\n\t\t\t\t<section class=\"elementor-section elementor-inner-section elementor-element elementor-element-ddd4858 elementor-section-boxed elementor-section-height-default elementor-section-height-default wpr-particle-no wpr-jarallax-no wpr-parallax-no wpr-sticky-section-no wpr-column-slider-no wpr-equal-height-no\" data-id=\"ddd4858\" data-element_type=\"section\" data-e-type=\"section\">\n\t\t\t\t\t\t<div class=\"elementor-container elementor-column-gap-default\">\n\t\t\t\t\t<div class=\"elementor-column elementor-col-100 elementor-inner-column elementor-element elementor-element-3daa2e1\" data-id=\"3daa2e1\" data-element_type=\"column\" data-e-type=\"column\">\n\t\t\t<div class=\"elementor-widget-wrap elementor-element-populated\">\n\t\t\t\t\t\t<div class=\"elementor-element elementor-element-4a0f6f4 elementor-invisible elementor-widget elementor-widget-tech-life-projects\" data-id=\"4a0f6f4\" data-element_type=\"widget\" data-e-type=\"widget\" data-settings=\"{&quot;_animation&quot;:&quot;fadeIn&quot;}\" data-widget_type=\"tech-life-projects.default\">\n\t\t\t\t<div class=\"elementor-widget-container\">\n\t\t\t\t\t<div class=\"stronghold-projects-wrapper\"><div class=\"stronghold-project-grid\"><div class=\"row\"><div class=\"col-md-4 project-grid-item\"><div class=\"project-grid-img\"><img data-caption=\"<i class='item-overlay-icon fas fa-link'><\/i>\" src=\"https:\/\/i0.wp.com\/servipconline.com\/wp-content\/uploads\/2016\/05\/dummy1.webp?fit=675%2C450&#038;ssl=1\" alt=\"Project Image\" width=\"370\" height=\"260\"> <\/div><div class=\"project-details-area\"><h5 class=\"project-grid-item-title\">Phone Repair Project<\/h5><\/div><\/div><div class=\"col-md-4 project-grid-item\"><div class=\"project-grid-img\"><img data-caption=\"<i class='item-overlay-icon fas fa-link'><\/i>\" src=\"https:\/\/i0.wp.com\/servipconline.com\/wp-content\/uploads\/2016\/05\/dummy1.webp?fit=675%2C450&#038;ssl=1\" alt=\"Project Image\" width=\"370\" height=\"260\"> <\/div><div class=\"project-details-area\"><h5 class=\"project-grid-item-title\">Game Console Repair Project<\/h5><\/div><\/div><div class=\"col-md-4 project-grid-item\"><div class=\"project-grid-img\"><img data-caption=\"<i class='item-overlay-icon fas fa-link'><\/i>\" src=\"https:\/\/i0.wp.com\/servipconline.com\/wp-content\/uploads\/2016\/05\/dummy1.webp?fit=675%2C450&#038;ssl=1\" alt=\"Project Image\" width=\"370\" height=\"260\"> <\/div><div class=\"project-details-area\"><h5 class=\"project-grid-item-title\">Television Repair Project<\/h5><\/div><\/div><\/div><div class=\"row\"><div class=\"col-md-4 project-grid-item\"><div class=\"project-grid-img\"><img data-caption=\"<i class='item-overlay-icon fas fa-link'><\/i>\" src=\"https:\/\/i0.wp.com\/servipconline.com\/wp-content\/uploads\/2016\/05\/dummy1.webp?fit=675%2C450&#038;ssl=1\" alt=\"Project Image\" width=\"370\" height=\"260\"> <\/div><div class=\"project-details-area\"><h5 class=\"project-grid-item-title\">Camera &#038; Lens Repair Project<\/h5><\/div><\/div><div class=\"col-md-4 project-grid-item\"><div class=\"project-grid-img\"><img data-caption=\"<i class='item-overlay-icon fas fa-link'><\/i>\" src=\"https:\/\/i0.wp.com\/servipconline.com\/wp-content\/uploads\/2016\/05\/dummy1.webp?fit=675%2C450&#038;ssl=1\" alt=\"Project Image\" width=\"370\" height=\"260\"> <\/div><div class=\"project-details-area\"><h5 class=\"project-grid-item-title\">PC &#038; Mac Repair Project<\/h5><\/div><\/div><div class=\"col-md-4 project-grid-item\"><div class=\"project-grid-img\"><img data-caption=\"<i class='item-overlay-icon fas fa-link'><\/i>\" src=\"https:\/\/i0.wp.com\/servipconline.com\/wp-content\/uploads\/2016\/05\/dummy1.webp?fit=675%2C450&#038;ssl=1\" alt=\"Project Image\" width=\"370\" height=\"260\"> <\/div><div class=\"project-details-area\"><h5 class=\"project-grid-item-title\">Printer Repair Project<\/h5><\/div><\/div><\/div><\/div><\/div>\t\t\t\t<\/div>\n\t\t\t\t<\/div>\n\t\t\t\t\t<\/div>\n\t\t<\/div>\n\t\t\t\t\t<\/div>\n\t\t<\/section>\n\t\t\t\t\t<\/div>\n\t\t<\/div>\n\t\t\t\t\t<\/div>\n\t\t<\/section>\n\t\t\t\t<\/div>\n\t\t","protected":false},"excerpt":{"rendered":"<p>Our Work Check Out Our Projects Que votre projet soit grand ou petit, r\u00e9sidentiel ou commercial, nous pouvons vous fournir un projet de qualit\u00e9 dans les d\u00e9lais impartis. Mais rien de ce que disait la copie ne pouvait la convaincre et il n&rsquo;a pas fallu attendre longtemps pour qu&rsquo;elle le fasse. Phone Repair Project Game Console Repair Project Television Repair Project Camera &#038; Lens Repair Project PC &#038; Mac Repair Project Printer Repair Project<\/p>\n","protected":false},"author":2,"featured_media":0,"parent":0,"menu_order":0,"comment_status":"closed","ping_status":"closed","template":"","meta":{"om_disable_all_campaigns":false,"footnotes":""},"class_list":["post-6226","page","type-page","status-publish","hentry"],"jetpack_sharing_enabled":true,"_links":{"self":[{"href":"https:\/\/servipconline.com\/fr\/wp-json\/wp\/v2\/pages\/6226","targetHints":{"allow":["GET"]}}],"collection":[{"href":"https:\/\/servipconline.com\/fr\/wp-json\/wp\/v2\/pages"}],"about":[{"href":"https:\/\/servipconline.com\/fr\/wp-json\/wp\/v2\/types\/page"}],"author":[{"embeddable":true,"href":"https:\/\/servipconline.com\/fr\/wp-json\/wp\/v2\/users\/2"}],"replies":[{"embeddable":true,"href":"https:\/\/servipconline.com\/fr\/wp-json\/wp\/v2\/comments?post=6226"}],"version-history":[{"count":0,"href":"https:\/\/servipconline.com\/fr\/wp-json\/wp\/v2\/pages\/6226\/revisions"}],"wp:attachment":[{"href":"https:\/\/servipconline.com\/fr\/wp-json\/wp\/v2\/media?parent=6226"}],"curies":[{"name":"wp","href":"https:\/\/api.w.org\/{rel}","templated":true}]}}